{"id":145,"date":"2025-09-23T09:51:19","date_gmt":"2025-09-23T07:51:19","guid":{"rendered":"https:\/\/infaxserver.de\/vinotapasbar\/?page_id=145"},"modified":"2025-09-30T14:30:18","modified_gmt":"2025-09-30T12:30:18","slug":"impressum","status":"publish","type":"page","link":"https:\/\/infaxserver.de\/vinotapasbar\/impressum\/","title":{"rendered":"Impressum"},"content":{"rendered":"\t\t<div data-elementor-type=\"wp-page\" data-elementor-id=\"145\" class=\"elementor elementor-145\" data-elementor-settings=\"[]\">\n\t\t\t\t\t\t\t<div class=\"elementor-section-wrap\">\n\t\t\t\t\t\t\t<section class=\"elementor-section elementor-top-section elementor-element elementor-element-b683986 elementor-section-boxed elementor-section-height-default elementor-section-height-default\" data-id=\"b683986\" data-element_type=\"section\" data-settings=\"{&quot;background_background&quot;:&quot;classic&quot;}\">\n\t\t\t\t\t\t\t<div class=\"elementor-background-overlay\"><\/div>\n\t\t\t\t\t\t\t<div class=\"elementor-container elementor-column-gap-default\">\n\t\t\t\t\t<div class=\"elementor-column elementor-col-100 elementor-top-column elementor-element elementor-element-22317c50\" data-id=\"22317c50\" data-element_type=\"column\">\n\t\t\t<div class=\"elementor-widget-wrap elementor-element-populated\">\n\t\t\t\t\t\t\t\t<div class=\"elementor-element elementor-element-3018c505 elementor-widget elementor-widget-spacer\" data-id=\"3018c505\" data-element_type=\"widget\" data-widget_type=\"spacer.default\">\n\t\t\t\t<div class=\"elementor-widget-container\">\n\t\t\t\t\t<div class=\"elementor-spacer\">\n\t\t\t<div class=\"elementor-spacer-inner\"><\/div>\n\t\t<\/div>\n\t\t\t\t<\/div>\n\t\t\t\t<\/div>\n\t\t\t\t<div class=\"elementor-element elementor-element-3e871a2a elementor-widget elementor-widget-heading\" data-id=\"3e871a2a\" data-element_type=\"widget\" data-widget_type=\"heading.default\">\n\t\t\t\t<div class=\"elementor-widget-container\">\n\t\t\t<h2 class=\"elementor-heading-title elementor-size-default\">Impressum<\/h2>\t\t<\/div>\n\t\t\t\t<\/div>\n\t\t\t\t<div class=\"elementor-element elementor-element-33cc086e elementor-widget elementor-widget-text-editor\" data-id=\"33cc086e\" data-element_type=\"widget\" data-widget_type=\"text-editor.default\">\n\t\t\t\t<div class=\"elementor-widget-container\">\n\t\t\t\t\t\t\t\t<p><strong>Vino Tapas Bar<\/strong><br \/>Bakolli &amp; Teixeira GbR<\/p><p><br \/>Hoffeldstr. 1<br \/>40235 D\u00fcsseldorf<\/p><p>\u00a0<\/p><p><strong>Kontakt:<br \/><\/strong>Telefon: (+49) 0211 &#8211; 2204 2667<br \/>E-Mail: info@vinotapasbar.de<\/p><p>\u00a0<\/p><p><strong>Inhaltlich Verantwortlich:<\/strong> Sami Bakolli (Anschrift wie oben)<\/p><p>\u00a0<\/p><p><strong>Aufsichtsbeh\u00f6rde:<\/strong> Stadt D\u00fcsseldorf, Ordnungsamt<\/p><p>\u00a0<\/p><p><strong>Urheberrecht<\/strong><br \/>Die durch die Seitenbetreiber erstellten Inhalte und Werke auf diesen Seiten unterliegen dem deutschen Urheberrecht. Die Vervielf\u00e4ltigung, Bearbeitung, Verbreitung und jede Art der Verwertung au\u00dferhalb der Grenzen des Urheberrechtes bed\u00fcrfen der schriftlichen Zustimmung des jeweiligen Autors bzw. Erstellers. Downloads und Kopien dieser Seite sind nur f\u00fcr den privaten, nicht kommerziellen Gebrauch gestattet.<\/p><p>\u00a0<\/p><p>Soweit die Inhalte auf dieser Seite nicht vom Betreiber erstellt wurden, werden die Urheberrechte Dritter beachtet. Insbesondere werden Inhalte Dritter als solche gekennzeichnet.<\/p><p>\u00a0<\/p><p>Sollten Sie trotzdem auf eine Urheberrechtsverletzung aufmerksam werden, bitten wir um einen entsprechenden Hinweis. Bei Bekanntwerden von Rechtsverletzungen werden wir derartige Inhalte umgehend entfernen.<\/p>\t\t\t\t\t\t<\/div>\n\t\t\t\t<\/div>\n\t\t\t\t\t<\/div>\n\t\t<\/div>\n\t\t\t\t\t\t\t<\/div>\n\t\t<\/section>\n\t\t\t\t\t\t<\/div>\n\t\t\t\t\t<\/div>\n\t\t","protected":false},"excerpt":{"rendered":"<p class=\"excerpt\">Impressum Vino Tapas BarBakolli &amp; Teixeira GbR Hoffeldstr. 140235 D\u00fcsseldorf \u00a0 Kontakt:Telefon: (+49) 0211 &#8211; 2204 2667E-Mail: info@vinotapasbar.de \u00a0 Inhaltlich Verantwortlich: Sami Bakolli (Anschrift wie oben) \u00a0 Aufsichtsbeh\u00f6rde: Stadt D\u00fcsseldorf, Ordnungsamt \u00a0 UrheberrechtDie durch die Seitenbetreiber erstellten Inhalte und Werke auf diesen Seiten unterliegen dem deutschen Urheberrecht. Die Vervielf\u00e4ltigung, Bearbeitung, Verbreitung und jede Art der [&hellip;]<\/p>\n","protected":false},"author":1,"featured_media":0,"parent":0,"menu_order":0,"comment_status":"closed","ping_status":"closed","template":"template-blank.php","meta":[],"_links":{"self":[{"href":"https:\/\/infaxserver.de\/vinotapasbar\/wp-json\/wp\/v2\/pages\/145"}],"collection":[{"href":"https:\/\/infaxserver.de\/vinotapasbar\/wp-json\/wp\/v2\/pages"}],"about":[{"href":"https:\/\/infaxserver.de\/vinotapasbar\/wp-json\/wp\/v2\/types\/page"}],"author":[{"embeddable":true,"href":"https:\/\/infaxserver.de\/vinotapasbar\/wp-json\/wp\/v2\/users\/1"}],"replies":[{"embeddable":true,"href":"https:\/\/infaxserver.de\/vinotapasbar\/wp-json\/wp\/v2\/comments?post=145"}],"version-history":[{"count":9,"href":"https:\/\/infaxserver.de\/vinotapasbar\/wp-json\/wp\/v2\/pages\/145\/revisions"}],"predecessor-version":[{"id":442,"href":"https:\/\/infaxserver.de\/vinotapasbar\/wp-json\/wp\/v2\/pages\/145\/revisions\/442"}],"wp:attachment":[{"href":"https:\/\/infaxserver.de\/vinotapasbar\/wp-json\/wp\/v2\/media?parent=145"}],"curies":[{"name":"wp","href":"https:\/\/api.w.org\/{rel}","templated":true}]}}