{"id":68,"date":"2023-10-09T18:57:21","date_gmt":"2023-10-09T16:57:21","guid":{"rendered":"https:\/\/infaxserver.de\/thevillage-duesseldorf\/?page_id=68"},"modified":"2025-02-06T15:02:36","modified_gmt":"2025-02-06T14:02:36","slug":"elementor-68","status":"publish","type":"page","link":"https:\/\/infaxserver.de\/thevillage-duesseldorf\/","title":{"rendered":"Home"},"content":{"rendered":"\t\t<div data-elementor-type=\"wp-page\" data-elementor-id=\"68\" class=\"elementor elementor-68\" data-elementor-settings=\"[]\">\n\t\t\t\t\t\t\t<div class=\"elementor-section-wrap\">\n\t\t\t\t\t\t\t<section class=\"elementor-section elementor-top-section elementor-element elementor-element-60446a07 elementor-section-height-min-height elementor-section-items-stretch elementor-section-content-bottom elementor-reverse-tablet elementor-section-full_width elementor-section-height-default\" data-id=\"60446a07\" data-element_type=\"section\" data-settings=\"{&quot;background_background&quot;:&quot;classic&quot;}\">\n\t\t\t\t\t\t<div class=\"elementor-container elementor-column-gap-no\">\n\t\t\t\t\t<div class=\"elementor-column elementor-col-50 elementor-top-column elementor-element elementor-element-4130dc3\" data-id=\"4130dc3\" data-element_type=\"column\" data-settings=\"{&quot;background_background&quot;:&quot;classic&quot;}\">\n\t\t\t<div class=\"elementor-widget-wrap elementor-element-populated\">\n\t\t\t\t\t\t\t\t<div class=\"elementor-element elementor-element-71b34d5d elementor-invisible elementor-widget elementor-widget-image\" data-id=\"71b34d5d\" data-element_type=\"widget\" data-settings=\"{&quot;_animation&quot;:&quot;slideInDown&quot;}\" data-widget_type=\"image.default\">\n\t\t\t\t<div class=\"elementor-widget-container\">\n\t\t\t\t\t\t\t\t\t\t\t\t\t\t\t<img width=\"1024\" height=\"656\" src=\"https:\/\/infaxserver.de\/thevillage-duesseldorf\/wp-content\/uploads\/sites\/21\/2023\/11\/Pinsa-Parma-1024x656.jpg\" class=\"attachment-large size-large\" alt=\"\" loading=\"lazy\" srcset=\"https:\/\/infaxserver.de\/thevillage-duesseldorf\/wp-content\/uploads\/sites\/21\/2023\/11\/Pinsa-Parma-1024x656.jpg 1024w, https:\/\/infaxserver.de\/thevillage-duesseldorf\/wp-content\/uploads\/sites\/21\/2023\/11\/Pinsa-Parma-300x192.jpg 300w, https:\/\/infaxserver.de\/thevillage-duesseldorf\/wp-content\/uploads\/sites\/21\/2023\/11\/Pinsa-Parma-768x492.jpg 768w, https:\/\/infaxserver.de\/thevillage-duesseldorf\/wp-content\/uploads\/sites\/21\/2023\/11\/Pinsa-Parma.jpg 1093w\" sizes=\"(max-width: 1024px) 100vw, 1024px\" \/>\t\t\t\t\t\t\t\t\t\t\t\t\t\t\t<\/div>\n\t\t\t\t<\/div>\n\t\t\t\t\t<\/div>\n\t\t<\/div>\n\t\t\t\t<div class=\"elementor-column elementor-col-50 elementor-top-column elementor-element elementor-element-77568417\" data-id=\"77568417\" data-element_type=\"column\" data-settings=\"{&quot;background_background&quot;:&quot;classic&quot;}\">\n\t\t\t<div class=\"elementor-widget-wrap elementor-element-populated\">\n\t\t\t\t\t\t\t\t<div class=\"elementor-element elementor-element-4a400c88 elementor-invisible elementor-widget elementor-widget-heading\" data-id=\"4a400c88\" data-element_type=\"widget\" data-settings=\"{&quot;_animation&quot;:&quot;fadeInUp&quot;,&quot;_animation_delay&quot;:200}\" data-widget_type=\"heading.default\">\n\t\t\t\t<div class=\"elementor-widget-container\">\n\t\t\t<h1 class=\"elementor-heading-title elementor-size-default\">Sie lieben Pizza, aber Sie wollen etwas Neues probieren?<\/h1>\t\t<\/div>\n\t\t\t\t<\/div>\n\t\t\t\t<div class=\"elementor-element elementor-element-3cce3484 elementor-invisible elementor-widget elementor-widget-text-editor\" data-id=\"3cce3484\" data-element_type=\"widget\" data-settings=\"{&quot;_animation&quot;:&quot;fadeInUp&quot;,&quot;_animation_delay&quot;:400}\" data-widget_type=\"text-editor.default\">\n\t\t\t\t<div class=\"elementor-widget-container\">\n\t\t\t\t\t\t\t\t<p>Pinsa, die leckere und gesunde Alternative zur Pizza, die Sie begeistern wird. Pinsa ist ein luftiger und knuspriger Teig, der aus einer Mischung von verschiedenen Mehlen besteht, die weniger Gluten und Kohlenhydrate enthalten. Pinsa ist daher leichter verdaulich und kalorien\u00e4rmer als Pizza, aber genauso lecker und vielseitig.<\/p>\t\t\t\t\t\t<\/div>\n\t\t\t\t<\/div>\n\t\t\t\t<div class=\"elementor-element elementor-element-5a1e8f9b elementor-widget__width-initial elementor-widget-tablet__width-inherit elementor-widget-mobile__width-inherit elementor-absolute elementor-widget elementor-widget-spacer\" data-id=\"5a1e8f9b\" data-element_type=\"widget\" data-settings=\"{&quot;_position&quot;:&quot;absolute&quot;}\" data-widget_type=\"spacer.default\">\n\t\t\t\t<div class=\"elementor-widget-container\">\n\t\t\t\t\t<div class=\"elementor-spacer\">\n\t\t\t<div class=\"elementor-spacer-inner\"><\/div>\n\t\t<\/div>\n\t\t\t\t<\/div>\n\t\t\t\t<\/div>\n\t\t\t\t\t<\/div>\n\t\t<\/div>\n\t\t\t\t\t\t\t<\/div>\n\t\t<\/section>\n\t\t\t\t<section class=\"elementor-section elementor-top-section elementor-element elementor-element-3b2425 elementor-section-height-min-height elementor-section-items-stretch elementor-section-content-middle elementor-section-full_width elementor-section-height-default\" data-id=\"3b2425\" data-element_type=\"section\" data-settings=\"{&quot;background_background&quot;:&quot;classic&quot;}\">\n\t\t\t\t\t\t<div class=\"elementor-container elementor-column-gap-no\">\n\t\t\t\t\t<div class=\"elementor-column elementor-col-100 elementor-top-column elementor-element elementor-element-3e6db590\" data-id=\"3e6db590\" data-element_type=\"column\" data-settings=\"{&quot;background_background&quot;:&quot;classic&quot;}\">\n\t\t\t<div class=\"elementor-widget-wrap elementor-element-populated\">\n\t\t\t\t\t<div class=\"elementor-background-overlay\"><\/div>\n\t\t\t\t\t\t\t\t<div class=\"elementor-element elementor-element-5497a2e6 elementor-invisible elementor-widget elementor-widget-heading\" data-id=\"5497a2e6\" data-element_type=\"widget\" data-settings=\"{&quot;_animation&quot;:&quot;fadeIn&quot;,&quot;_animation_delay&quot;:400}\" data-widget_type=\"heading.default\">\n\t\t\t\t<div class=\"elementor-widget-container\">\n\t\t\t<h2 class=\"elementor-heading-title elementor-size-default\">Der Fantasie sind keine Grenzen gesetzt!<\/h2>\t\t<\/div>\n\t\t\t\t<\/div>\n\t\t\t\t<div class=\"elementor-element elementor-element-ccb2ca2 elementor-invisible elementor-widget elementor-widget-text-editor\" data-id=\"ccb2ca2\" data-element_type=\"widget\" data-settings=\"{&quot;_animation&quot;:&quot;fadeIn&quot;,&quot;_animation_delay&quot;:600}\" data-widget_type=\"text-editor.default\">\n\t\t\t\t<div class=\"elementor-widget-container\">\n\t\t\t\t\t\t\t\t<p>Eine gro\u00dfe Auswahl an Pinsas f\u00fcr jeden Geschmack! Bei uns finden Sie immer wieder neue und spannende Pinsa-Kreationen, die Sie \u00fcberraschen werden.<\/p><p>\u00a0<\/p><p>Wir belegen die Pinsa auch mit Ihren Lieblingszutaten, ob mit Tomatensauce oder ohne, mit K\u00e4se oder vegan, mit Salami oder Gem\u00fcse, mit Kr\u00e4utern oder Rucola und vielem Mehr!<br \/><br \/><\/p><p>Pinsa ist nicht nur ein Essen, sondern ein Erlebnis, das Sie mit Ihren Freunden und Ihrer Familie teilen k\u00f6nnen.<\/p>\t\t\t\t\t\t<\/div>\n\t\t\t\t<\/div>\n\t\t\t\t\t<\/div>\n\t\t<\/div>\n\t\t\t\t\t\t\t<\/div>\n\t\t<\/section>\n\t\t\t\t<section class=\"elementor-section elementor-top-section elementor-element elementor-element-44b15190 elementor-section-full_width elementor-section-height-min-height elementor-section-items-stretch elementor-section-content-middle elementor-section-height-default\" data-id=\"44b15190\" data-element_type=\"section\" data-settings=\"{&quot;background_background&quot;:&quot;classic&quot;}\">\n\t\t\t\t\t\t\t<div class=\"elementor-background-overlay\"><\/div>\n\t\t\t\t\t\t\t<div class=\"elementor-container elementor-column-gap-no\">\n\t\t\t\t\t<div class=\"elementor-column elementor-col-100 elementor-top-column elementor-element elementor-element-57644628\" data-id=\"57644628\" data-element_type=\"column\">\n\t\t\t<div class=\"elementor-widget-wrap elementor-element-populated\">\n\t\t\t\t\t\t\t\t<div class=\"elementor-element elementor-element-61c66ab4 elementor-widget__width-auto elementor-absolute elementor-invisible elementor-widget elementor-widget-image\" data-id=\"61c66ab4\" data-element_type=\"widget\" data-settings=\"{&quot;_animation&quot;:&quot;slideInLeft&quot;,&quot;_position&quot;:&quot;absolute&quot;}\" data-widget_type=\"image.default\">\n\t\t\t\t<div class=\"elementor-widget-container\">\n\t\t\t\t\t\t\t\t\t\t\t\t\t\t\t<img width=\"1024\" height=\"656\" src=\"https:\/\/infaxserver.de\/thevillage-duesseldorf\/wp-content\/uploads\/sites\/21\/2023\/11\/Pinsa-Foto-Buratta-1024x656.jpg\" class=\"attachment-large size-large\" alt=\"\" loading=\"lazy\" srcset=\"https:\/\/infaxserver.de\/thevillage-duesseldorf\/wp-content\/uploads\/sites\/21\/2023\/11\/Pinsa-Foto-Buratta-1024x656.jpg 1024w, https:\/\/infaxserver.de\/thevillage-duesseldorf\/wp-content\/uploads\/sites\/21\/2023\/11\/Pinsa-Foto-Buratta-300x192.jpg 300w, https:\/\/infaxserver.de\/thevillage-duesseldorf\/wp-content\/uploads\/sites\/21\/2023\/11\/Pinsa-Foto-Buratta-768x492.jpg 768w, https:\/\/infaxserver.de\/thevillage-duesseldorf\/wp-content\/uploads\/sites\/21\/2023\/11\/Pinsa-Foto-Buratta.jpg 1093w\" sizes=\"(max-width: 1024px) 100vw, 1024px\" \/>\t\t\t\t\t\t\t\t\t\t\t\t\t\t\t<\/div>\n\t\t\t\t<\/div>\n\t\t\t\t<section class=\"elementor-section elementor-inner-section elementor-element elementor-element-39aa1524 elementor-section-height-min-height elementor-section-content-top elementor-section-full_width elementor-section-height-default\" data-id=\"39aa1524\" data-element_type=\"section\" data-settings=\"{&quot;background_background&quot;:&quot;classic&quot;}\">\n\t\t\t\t\t\t<div class=\"elementor-container elementor-column-gap-no\">\n\t\t\t\t\t<div class=\"elementor-column elementor-col-100 elementor-inner-column elementor-element elementor-element-71dbbfc9\" data-id=\"71dbbfc9\" data-element_type=\"column\" data-settings=\"{&quot;background_background&quot;:&quot;classic&quot;}\">\n\t\t\t<div class=\"elementor-widget-wrap elementor-element-populated\">\n\t\t\t\t\t\t\t\t<div class=\"elementor-element elementor-element-40149 elementor-invisible elementor-widget elementor-widget-heading\" data-id=\"40149\" data-element_type=\"widget\" data-settings=\"{&quot;_animation&quot;:&quot;fadeIn&quot;}\" data-widget_type=\"heading.default\">\n\t\t\t\t<div class=\"elementor-widget-container\">\n\t\t\t<h2 class=\"elementor-heading-title elementor-size-default\">Warum sollten Sie Pinsa bei uns bestellen? <\/h2>\t\t<\/div>\n\t\t\t\t<\/div>\n\t\t\t\t<div class=\"elementor-element elementor-element-a12dbbd elementor-invisible elementor-widget elementor-widget-text-editor\" data-id=\"a12dbbd\" data-element_type=\"widget\" data-settings=\"{&quot;_animation&quot;:&quot;fadeIn&quot;,&quot;_animation_delay&quot;:200}\" data-widget_type=\"text-editor.default\">\n\t\t\t\t<div class=\"elementor-widget-container\">\n\t\t\t\t\t\t\t\t<p>Wir verwenden nur frische und hochwertige Zutaten, die wir sorgf\u00e4ltig ausw\u00e4hlen und verarbeiten. Wir bereiten unseren Pinsa-Teig t\u00e4glich frisch zu und lassen ihn lange ruhen, damit er sein volles Aroma entfalten kann. Wir backen unsere Pinsas in einem speziellen Ofen, der die optimale Temperatur und Feuchtigkeit hat, um eine knusprige Kruste und eine weiche Krume zu erzeugen.<\/p>\t\t\t\t\t\t<\/div>\n\t\t\t\t<\/div>\n\t\t\t\t<div class=\"elementor-element elementor-element-4a8f438f elementor-mobile-align-center elementor-widget elementor-widget-button\" data-id=\"4a8f438f\" data-element_type=\"widget\" data-widget_type=\"button.default\">\n\t\t\t\t<div class=\"elementor-widget-container\">\n\t\t\t\t\t<div class=\"elementor-button-wrapper\">\n\t\t\t<a href=\"https:\/\/www.thevillage-duesseldorf.de\/wp-content\/uploads\/sites\/21\/2023\/12\/Speisekarte_The_Village_Deli_Menu.pdf\" target=\"_blank\" class=\"elementor-button-link elementor-button elementor-size-sm\" role=\"button\">\n\t\t\t\t\t\t<span class=\"elementor-button-content-wrapper\">\n\t\t\t\t\t\t<span class=\"elementor-button-text\">Zur Karte<\/span>\n\t\t<\/span>\n\t\t\t\t\t<\/a>\n\t\t<\/div>\n\t\t\t\t<\/div>\n\t\t\t\t<\/div>\n\t\t\t\t\t<\/div>\n\t\t<\/div>\n\t\t\t\t\t\t\t<\/div>\n\t\t<\/section>\n\t\t\t\t<div class=\"elementor-element elementor-element-687edbbe elementor-widget__width-auto elementor-absolute elementor-invisible elementor-widget elementor-widget-image\" data-id=\"687edbbe\" data-element_type=\"widget\" data-settings=\"{&quot;_animation&quot;:&quot;slideInRight&quot;,&quot;_animation_delay&quot;:200,&quot;_position&quot;:&quot;absolute&quot;}\" data-widget_type=\"image.default\">\n\t\t\t\t<div class=\"elementor-widget-container\">\n\t\t\t\t\t\t\t\t\t\t\t\t\t\t\t<img width=\"1024\" height=\"656\" src=\"https:\/\/infaxserver.de\/thevillage-duesseldorf\/wp-content\/uploads\/sites\/21\/2023\/11\/Pinsa-Foto-Salad-.-Pinsa-1024x656.jpg\" class=\"attachment-large size-large\" alt=\"\" loading=\"lazy\" srcset=\"https:\/\/infaxserver.de\/thevillage-duesseldorf\/wp-content\/uploads\/sites\/21\/2023\/11\/Pinsa-Foto-Salad-.-Pinsa-1024x656.jpg 1024w, https:\/\/infaxserver.de\/thevillage-duesseldorf\/wp-content\/uploads\/sites\/21\/2023\/11\/Pinsa-Foto-Salad-.-Pinsa-300x192.jpg 300w, https:\/\/infaxserver.de\/thevillage-duesseldorf\/wp-content\/uploads\/sites\/21\/2023\/11\/Pinsa-Foto-Salad-.-Pinsa-768x492.jpg 768w, https:\/\/infaxserver.de\/thevillage-duesseldorf\/wp-content\/uploads\/sites\/21\/2023\/11\/Pinsa-Foto-Salad-.-Pinsa.jpg 1093w\" sizes=\"(max-width: 1024px) 100vw, 1024px\" \/>\t\t\t\t\t\t\t\t\t\t\t\t\t\t\t<\/div>\n\t\t\t\t<\/div>\n\t\t\t\t\t<\/div>\n\t\t<\/div>\n\t\t\t\t\t\t\t<\/div>\n\t\t<\/section>\n\t\t\t\t<section class=\"elementor-section elementor-top-section elementor-element elementor-element-18f2a81b elementor-section-height-min-height elementor-section-items-stretch elementor-section-content-bottom elementor-section-full_width elementor-section-height-default\" data-id=\"18f2a81b\" data-element_type=\"section\" data-settings=\"{&quot;background_background&quot;:&quot;classic&quot;}\">\n\t\t\t\t\t\t<div class=\"elementor-container elementor-column-gap-no\">\n\t\t\t\t\t<div class=\"elementor-column elementor-col-50 elementor-top-column elementor-element elementor-element-23953fda\" data-id=\"23953fda\" data-element_type=\"column\" data-settings=\"{&quot;background_background&quot;:&quot;classic&quot;}\">\n\t\t\t<div class=\"elementor-widget-wrap elementor-element-populated\">\n\t\t\t\t\t\t\t\t<div class=\"elementor-element elementor-element-d16b5d9 elementor-position-top elementor-vertical-align-top elementor-invisible elementor-widget elementor-widget-image-box\" data-id=\"d16b5d9\" data-element_type=\"widget\" data-settings=\"{&quot;_animation&quot;:&quot;fadeIn&quot;,&quot;_animation_delay&quot;:400}\" data-widget_type=\"image-box.default\">\n\t\t\t\t<div class=\"elementor-widget-container\">\n\t\t\t<div class=\"elementor-image-box-wrapper\"><div class=\"elementor-image-box-content\"><h3 class=\"elementor-image-box-title\">Pinsa ist unsere Leidenschaft.<\/h3><p class=\"elementor-image-box-description\">Bestellen Sie jetzt Ihre Pinsa und lassen Sie sich von diesem einzigartigen Geschmackserlebnis verf\u00fchren. Pinsa ist mehr als nur eine Pizza!<\/p><\/div><\/div>\t\t<\/div>\n\t\t\t\t<\/div>\n\t\t\t\t<div class=\"elementor-element elementor-element-7bf7d6b6 elementor-widget__width-initial elementor-widget-tablet__width-inherit elementor-widget-mobile__width-inherit elementor-absolute elementor-widget elementor-widget-spacer\" data-id=\"7bf7d6b6\" data-element_type=\"widget\" data-settings=\"{&quot;_position&quot;:&quot;absolute&quot;}\" data-widget_type=\"spacer.default\">\n\t\t\t\t<div class=\"elementor-widget-container\">\n\t\t\t\t\t<div class=\"elementor-spacer\">\n\t\t\t<div class=\"elementor-spacer-inner\"><\/div>\n\t\t<\/div>\n\t\t\t\t<\/div>\n\t\t\t\t<\/div>\n\t\t\t\t<div class=\"elementor-element elementor-element-04ae2ec elementor-widget__width-auto elementor-align-center elementor-widget elementor-widget-button\" data-id=\"04ae2ec\" data-element_type=\"widget\" data-widget_type=\"button.default\">\n\t\t\t\t<div class=\"elementor-widget-container\">\n\t\t\t\t\t<div class=\"elementor-button-wrapper\">\n\t\t\t<a href=\"https:\/\/wolt.com\/en\/deu\/dusseldorf\/restaurant\/the-village-dsseldorf\" target=\"_blank\" class=\"elementor-button-link elementor-button elementor-size-sm\" role=\"button\">\n\t\t\t\t\t\t<span class=\"elementor-button-content-wrapper\">\n\t\t\t\t\t\t<span class=\"elementor-button-text\">Hier bestellen<\/span>\n\t\t<\/span>\n\t\t\t\t\t<\/a>\n\t\t<\/div>\n\t\t\t\t<\/div>\n\t\t\t\t<\/div>\n\t\t\t\t\t<\/div>\n\t\t<\/div>\n\t\t\t\t<div class=\"elementor-column elementor-col-50 elementor-top-column elementor-element elementor-element-38d7a679\" data-id=\"38d7a679\" data-element_type=\"column\">\n\t\t\t<div class=\"elementor-widget-wrap elementor-element-populated\">\n\t\t\t\t\t\t\t\t<div class=\"elementor-element elementor-element-1e2dc43d elementor-invisible elementor-widget elementor-widget-image\" data-id=\"1e2dc43d\" data-element_type=\"widget\" data-settings=\"{&quot;_animation&quot;:&quot;slideInUp&quot;}\" data-widget_type=\"image.default\">\n\t\t\t\t<div class=\"elementor-widget-container\">\n\t\t\t\t\t\t\t\t\t\t\t\t\t\t\t<img width=\"220\" height=\"220\" src=\"https:\/\/infaxserver.de\/thevillage-duesseldorf\/wp-content\/uploads\/sites\/21\/2023\/10\/The_Village_Logo.png\" class=\"attachment-full size-full\" alt=\"\" loading=\"lazy\" srcset=\"https:\/\/infaxserver.de\/thevillage-duesseldorf\/wp-content\/uploads\/sites\/21\/2023\/10\/The_Village_Logo.png 220w, https:\/\/infaxserver.de\/thevillage-duesseldorf\/wp-content\/uploads\/sites\/21\/2023\/10\/The_Village_Logo-150x150.png 150w\" sizes=\"(max-width: 220px) 100vw, 220px\" \/>\t\t\t\t\t\t\t\t\t\t\t\t\t\t\t<\/div>\n\t\t\t\t<\/div>\n\t\t\t\t\t<\/div>\n\t\t<\/div>\n\t\t\t\t\t\t\t<\/div>\n\t\t<\/section>\n\t\t\t\t\t\t<\/div>\n\t\t\t\t\t<\/div>\n\t\t","protected":false},"excerpt":{"rendered":"<p class=\"excerpt\">Sie lieben Pizza, aber Sie wollen etwas Neues probieren? Pinsa, die leckere und gesunde Alternative zur Pizza, die Sie begeistern wird. Pinsa ist ein luftiger und knuspriger Teig, der aus einer Mischung von verschiedenen Mehlen besteht, die weniger Gluten und Kohlenhydrate enthalten. Pinsa ist daher leichter verdaulich und kalorien\u00e4rmer als Pizza, aber genauso lecker und [&hellip;]<\/p>\n","protected":false},"author":1,"featured_media":0,"parent":0,"menu_order":0,"comment_status":"closed","ping_status":"closed","template":"template-blank.php","meta":[],"_links":{"self":[{"href":"https:\/\/infaxserver.de\/thevillage-duesseldorf\/wp-json\/wp\/v2\/pages\/68"}],"collection":[{"href":"https:\/\/infaxserver.de\/thevillage-duesseldorf\/wp-json\/wp\/v2\/pages"}],"about":[{"href":"https:\/\/infaxserver.de\/thevillage-duesseldorf\/wp-json\/wp\/v2\/types\/page"}],"author":[{"embeddable":true,"href":"https:\/\/infaxserver.de\/thevillage-duesseldorf\/wp-json\/wp\/v2\/users\/1"}],"replies":[{"embeddable":true,"href":"https:\/\/infaxserver.de\/thevillage-duesseldorf\/wp-json\/wp\/v2\/comments?post=68"}],"version-history":[{"count":136,"href":"https:\/\/infaxserver.de\/thevillage-duesseldorf\/wp-json\/wp\/v2\/pages\/68\/revisions"}],"predecessor-version":[{"id":496,"href":"https:\/\/infaxserver.de\/thevillage-duesseldorf\/wp-json\/wp\/v2\/pages\/68\/revisions\/496"}],"wp:attachment":[{"href":"https:\/\/infaxserver.de\/thevillage-duesseldorf\/wp-json\/wp\/v2\/media?parent=68"}],"curies":[{"name":"wp","href":"https:\/\/api.w.org\/{rel}","templated":true}]}}