{"id":10,"date":"2023-10-16T14:13:17","date_gmt":"2023-10-16T12:13:17","guid":{"rendered":"https:\/\/infaxserver.de\/thevillage-duesseldorf\/?page_id=10"},"modified":"2023-12-05T14:01:45","modified_gmt":"2023-12-05T13:01:45","slug":"impressum","status":"publish","type":"page","link":"https:\/\/infaxserver.de\/thevillage-duesseldorf\/impressum\/","title":{"rendered":"Impressum"},"content":{"rendered":"\t\t<div data-elementor-type=\"wp-page\" data-elementor-id=\"10\" class=\"elementor elementor-10\" data-elementor-settings=\"[]\">\n\t\t\t\t\t\t\t<div class=\"elementor-section-wrap\">\n\t\t\t\t\t\t\t<section class=\"elementor-section elementor-top-section elementor-element elementor-element-1b54d24d elementor-section-boxed elementor-section-height-default elementor-section-height-default\" data-id=\"1b54d24d\" data-element_type=\"section\" data-settings=\"{&quot;background_background&quot;:&quot;classic&quot;}\">\n\t\t\t\t\t\t<div class=\"elementor-container elementor-column-gap-default\">\n\t\t\t\t\t<div class=\"elementor-column elementor-col-100 elementor-top-column elementor-element elementor-element-20075cd6\" data-id=\"20075cd6\" data-element_type=\"column\">\n\t\t\t<div class=\"elementor-widget-wrap elementor-element-populated\">\n\t\t\t\t\t\t\t\t<div class=\"elementor-element elementor-element-1692b994 elementor-widget elementor-widget-spacer\" data-id=\"1692b994\" data-element_type=\"widget\" data-widget_type=\"spacer.default\">\n\t\t\t\t<div class=\"elementor-widget-container\">\n\t\t\t\t\t<div class=\"elementor-spacer\">\n\t\t\t<div class=\"elementor-spacer-inner\"><\/div>\n\t\t<\/div>\n\t\t\t\t<\/div>\n\t\t\t\t<\/div>\n\t\t\t\t<div class=\"elementor-element elementor-element-1e47f788 elementor-widget elementor-widget-heading\" data-id=\"1e47f788\" data-element_type=\"widget\" data-widget_type=\"heading.default\">\n\t\t\t\t<div class=\"elementor-widget-container\">\n\t\t\t<h2 class=\"elementor-heading-title elementor-size-default\">Impressum<\/h2>\t\t<\/div>\n\t\t\t\t<\/div>\n\t\t\t\t<div class=\"elementor-element elementor-element-177ebd98 elementor-widget elementor-widget-text-editor\" data-id=\"177ebd98\" data-element_type=\"widget\" data-widget_type=\"text-editor.default\">\n\t\t\t\t<div class=\"elementor-widget-container\">\n\t\t\t\t\t\t\t\t<p><strong>Pinsa Delivery<\/strong><br \/>The Village Food &amp; More<br \/>Am Seestern 10<br \/>40547 D\u00fcsseldorf<\/p><p>\u00a0<\/p><p>Telefon: (+49 ) 0211 &#8211; 82804858<br \/>E-Mail: info@thevillage-duesseldorf.de<\/p><p>\u00a0<\/p><p><strong>Betriebsleiter:<br \/><\/strong>Panagiota Athanassiou<\/p><p><strong><br \/>Vertreten durch:<\/strong><br \/>The Village GmbH<br \/>Am Seestern 10<br \/>40547 D\u00fcsseldorf<br \/><br \/><\/p><p><strong>Gesch\u00e4ftsf\u00fchrung:<\/strong><br \/>Panagiota Athanassiou<br \/><br \/><\/p><p><strong>Kontakt:<\/strong><br \/>Telefon: (+49 ) 0211 &#8211; 82804858<br \/>E-Mail: info@thevillage-duesseldorf.de<\/p><p>\u00a0<\/p><p><strong>Eingetragen am:<\/strong><br \/>Amtsgericht D\u00fcsseldorf HRB 96310<br \/><br \/><\/p><p><strong>Urheberrecht<\/strong><br \/>Die durch die Seitenbetreiber erstellten Inhalte und Werke auf diesen Seiten unterliegen dem deutschen Urheberrecht. Die Vervielf\u00e4ltigung, Bearbeitung, Verbreitung und jede Art der Verwertung au\u00dferhalb der Grenzen des Urheberrechtes bed\u00fcrfen der schriftlichen Zustimmung des jeweiligen Autors bzw. Erstellers. Downloads und Kopien dieser Seite sind nur f\u00fcr den privaten, nicht kommerziellen Gebrauch gestattet.<\/p><p>Soweit die Inhalte auf dieser Seite nicht vom Betreiber erstellt wurden, werden die Urheberrechte Dritter beachtet. Insbesondere werden Inhalte<br \/>Dritter als solche gekennzeichnet.<\/p><p>Sollten Sie trotzdem auf eine Urheberrechtsverletzung aufmerksam werden, bitten wir um einen entsprechenden Hinweis. Bei Bekanntwerden von Rechtsverletzungen werden wir derartige Inhalte umgehend entfernen.<\/p>\t\t\t\t\t\t<\/div>\n\t\t\t\t<\/div>\n\t\t\t\t\t<\/div>\n\t\t<\/div>\n\t\t\t\t\t\t\t<\/div>\n\t\t<\/section>\n\t\t\t\t\t\t<\/div>\n\t\t\t\t\t<\/div>\n\t\t","protected":false},"excerpt":{"rendered":"<p class=\"excerpt\">Impressum Pinsa DeliveryThe Village Food &amp; MoreAm Seestern 1040547 D\u00fcsseldorf \u00a0 Telefon: (+49 ) 0211 &#8211; 82804858E-Mail: info@thevillage-duesseldorf.de \u00a0 Betriebsleiter:Panagiota Athanassiou Vertreten durch:The Village GmbHAm Seestern 1040547 D\u00fcsseldorf Gesch\u00e4ftsf\u00fchrung:Panagiota Athanassiou Kontakt:Telefon: (+49 ) 0211 &#8211; 82804858E-Mail: info@thevillage-duesseldorf.de \u00a0 Eingetragen am:Amtsgericht D\u00fcsseldorf HRB 96310 UrheberrechtDie durch die Seitenbetreiber erstellten Inhalte und Werke auf diesen Seiten unterliegen [&hellip;]<\/p>\n","protected":false},"author":1,"featured_media":0,"parent":0,"menu_order":0,"comment_status":"closed","ping_status":"closed","template":"template-blank.php","meta":[],"_links":{"self":[{"href":"https:\/\/infaxserver.de\/thevillage-duesseldorf\/wp-json\/wp\/v2\/pages\/10"}],"collection":[{"href":"https:\/\/infaxserver.de\/thevillage-duesseldorf\/wp-json\/wp\/v2\/pages"}],"about":[{"href":"https:\/\/infaxserver.de\/thevillage-duesseldorf\/wp-json\/wp\/v2\/types\/page"}],"author":[{"embeddable":true,"href":"https:\/\/infaxserver.de\/thevillage-duesseldorf\/wp-json\/wp\/v2\/users\/1"}],"replies":[{"embeddable":true,"href":"https:\/\/infaxserver.de\/thevillage-duesseldorf\/wp-json\/wp\/v2\/comments?post=10"}],"version-history":[{"count":7,"href":"https:\/\/infaxserver.de\/thevillage-duesseldorf\/wp-json\/wp\/v2\/pages\/10\/revisions"}],"predecessor-version":[{"id":422,"href":"https:\/\/infaxserver.de\/thevillage-duesseldorf\/wp-json\/wp\/v2\/pages\/10\/revisions\/422"}],"wp:attachment":[{"href":"https:\/\/infaxserver.de\/thevillage-duesseldorf\/wp-json\/wp\/v2\/media?parent=10"}],"curies":[{"name":"wp","href":"https:\/\/api.w.org\/{rel}","templated":true}]}}