{"id":225,"date":"2022-09-27T13:10:49","date_gmt":"2022-09-27T11:10:49","guid":{"rendered":"https:\/\/infaxserver.de\/restaurantlataverna\/?page_id=225"},"modified":"2025-01-22T14:22:08","modified_gmt":"2025-01-22T13:22:08","slug":"impressum","status":"publish","type":"page","link":"https:\/\/infaxserver.de\/restaurantlataverna\/impressum\/","title":{"rendered":"Impressum"},"content":{"rendered":"\t\t<div data-elementor-type=\"wp-page\" data-elementor-id=\"225\" class=\"elementor elementor-225\" data-elementor-settings=\"[]\">\n\t\t\t\t\t\t\t<div class=\"elementor-section-wrap\">\n\t\t\t\t\t\t\t<section class=\"elementor-section elementor-top-section elementor-element elementor-element-8324236 elementor-section-boxed elementor-section-height-default elementor-section-height-default\" data-id=\"8324236\" data-element_type=\"section\">\n\t\t\t\t\t\t<div class=\"elementor-container elementor-column-gap-default\">\n\t\t\t\t\t<div class=\"elementor-column elementor-col-100 elementor-top-column elementor-element elementor-element-d0d5053\" data-id=\"d0d5053\" data-element_type=\"column\">\n\t\t\t<div class=\"elementor-widget-wrap elementor-element-populated\">\n\t\t\t\t\t\t\t\t<div class=\"elementor-element elementor-element-b79c375 elementor-widget elementor-widget-spacer\" data-id=\"b79c375\" data-element_type=\"widget\" data-widget_type=\"spacer.default\">\n\t\t\t\t<div class=\"elementor-widget-container\">\n\t\t\t\t\t<div class=\"elementor-spacer\">\n\t\t\t<div class=\"elementor-spacer-inner\"><\/div>\n\t\t<\/div>\n\t\t\t\t<\/div>\n\t\t\t\t<\/div>\n\t\t\t\t<div class=\"elementor-element elementor-element-075ec2c elementor-widget elementor-widget-heading\" data-id=\"075ec2c\" data-element_type=\"widget\" data-widget_type=\"heading.default\">\n\t\t\t\t<div class=\"elementor-widget-container\">\n\t\t\t<h1 class=\"elementor-heading-title elementor-size-large\">Impressum<\/h1>\t\t<\/div>\n\t\t\t\t<\/div>\n\t\t\t\t<div class=\"elementor-element elementor-element-1c5b595 elementor-widget elementor-widget-text-editor\" data-id=\"1c5b595\" data-element_type=\"widget\" data-widget_type=\"text-editor.default\">\n\t\t\t\t<div class=\"elementor-widget-container\">\n\t\t\t\t\t\t\t\t<h3><strong>La Taverna Nuova<\/strong><\/h3><p>Inhaber: Amer Zorlak<\/p><p>\u00a0<\/p><p>Bahnstra\u00dfe 7<\/p><p>40878 Ratingen, Deutschland<\/p><p>\u00a0<\/p><p>Telefon : (+49) 02102 &#8211; 28219<\/p><p>E-Mail: info@restaurantlataverna.de<\/p><p>Internet: www.restaurantlataverna.de<\/p><p>\u00a0<\/p><p>Rechtsform: Einzelunternehmen<\/p><p>\u00a0<\/p><p>Aufsichtsbeh\u00f6rde: Stadt Ratingen, Ordnungsamt<\/p><p>\u00a0<\/p><p>\u00d6ffnungszeiten<\/p><p>Dienstag bis Freitag<\/p><p>12:00 &#8211; 14:30 Uhr<\/p><p>18:00 &#8211; 22:30 Uhr<\/p><p>Samstag<\/p><p>17:30 &#8211; 22:30 Uhr<\/p><p>\u00a0<\/p><p>Sonntag &amp; Montag Ruhetag<\/p><p>(au\u00dfer an Messetagen &amp; auf Anfrage f\u00fcr Gesellschaften)<\/p><p>\u00a0<\/p><p>Inhaltlich Verantwortliche(r):<\/p><p>Amer Zorlak (Anschrift wie oben)<\/p><p>\u00a0<\/p><p>Haftungshinweis:<\/p><p>Trotz sorgf\u00e4ltiger inhaltlicher Kontrolle \u00fcbernehmen wir keine Haftung f\u00fcr die Inhalte externer Links. F\u00fcr den Inhalt der verlinkten Seiten sind ausschlie\u00dflich deren Betreiber verantwortlich.<\/p>\t\t\t\t\t\t<\/div>\n\t\t\t\t<\/div>\n\t\t\t\t\t<\/div>\n\t\t<\/div>\n\t\t\t\t\t\t\t<\/div>\n\t\t<\/section>\n\t\t\t\t\t\t<\/div>\n\t\t\t\t\t<\/div>\n\t\t","protected":false},"excerpt":{"rendered":"<p class=\"excerpt\">Impressum La Taverna Nuova Inhaber: Amer Zorlak \u00a0 Bahnstra\u00dfe 7 40878 Ratingen, Deutschland \u00a0 Telefon : (+49) 02102 &#8211; 28219 E-Mail: info@restaurantlataverna.de Internet: www.restaurantlataverna.de \u00a0 Rechtsform: Einzelunternehmen \u00a0 Aufsichtsbeh\u00f6rde: Stadt Ratingen, Ordnungsamt \u00a0 \u00d6ffnungszeiten Dienstag bis Freitag 12:00 &#8211; 14:30 Uhr 18:00 &#8211; 22:30 Uhr Samstag 17:30 &#8211; 22:30 Uhr \u00a0 Sonntag &amp; Montag Ruhetag [&hellip;]<\/p>\n","protected":false},"author":1,"featured_media":0,"parent":0,"menu_order":0,"comment_status":"closed","ping_status":"closed","template":"template-blank.php","meta":[],"_links":{"self":[{"href":"https:\/\/infaxserver.de\/restaurantlataverna\/wp-json\/wp\/v2\/pages\/225"}],"collection":[{"href":"https:\/\/infaxserver.de\/restaurantlataverna\/wp-json\/wp\/v2\/pages"}],"about":[{"href":"https:\/\/infaxserver.de\/restaurantlataverna\/wp-json\/wp\/v2\/types\/page"}],"author":[{"embeddable":true,"href":"https:\/\/infaxserver.de\/restaurantlataverna\/wp-json\/wp\/v2\/users\/1"}],"replies":[{"embeddable":true,"href":"https:\/\/infaxserver.de\/restaurantlataverna\/wp-json\/wp\/v2\/comments?post=225"}],"version-history":[{"count":10,"href":"https:\/\/infaxserver.de\/restaurantlataverna\/wp-json\/wp\/v2\/pages\/225\/revisions"}],"predecessor-version":[{"id":1064,"href":"https:\/\/infaxserver.de\/restaurantlataverna\/wp-json\/wp\/v2\/pages\/225\/revisions\/1064"}],"wp:attachment":[{"href":"https:\/\/infaxserver.de\/restaurantlataverna\/wp-json\/wp\/v2\/media?parent=225"}],"curies":[{"name":"wp","href":"https:\/\/api.w.org\/{rel}","templated":true}]}}