{"id":80,"date":"2022-07-15T11:49:41","date_gmt":"2022-07-15T09:49:41","guid":{"rendered":"https:\/\/infaxserver.de\/creazioni-hairdesign\/?page_id=80"},"modified":"2025-02-07T10:58:18","modified_gmt":"2025-02-07T09:58:18","slug":"impressum","status":"publish","type":"page","link":"https:\/\/infaxserver.de\/restaurant-el-greco\/impressum\/","title":{"rendered":"Impressum"},"content":{"rendered":"\t\t<div data-elementor-type=\"wp-page\" data-elementor-id=\"80\" class=\"elementor elementor-80\" data-elementor-settings=\"[]\">\n\t\t\t\t\t\t\t<div class=\"elementor-section-wrap\">\n\t\t\t\t\t\t\t<section class=\"elementor-section elementor-top-section elementor-element elementor-element-21a6cf22 elementor-section-boxed elementor-section-height-default elementor-section-height-default\" data-id=\"21a6cf22\" data-element_type=\"section\">\n\t\t\t\t\t\t<div class=\"elementor-container elementor-column-gap-default\">\n\t\t\t\t\t<div class=\"elementor-column elementor-col-100 elementor-top-column elementor-element elementor-element-128ba9e3\" data-id=\"128ba9e3\" data-element_type=\"column\">\n\t\t\t<div class=\"elementor-widget-wrap elementor-element-populated\">\n\t\t\t\t\t\t\t\t<div class=\"elementor-element elementor-element-2bec2089 elementor-widget elementor-widget-spacer\" data-id=\"2bec2089\" data-element_type=\"widget\" data-widget_type=\"spacer.default\">\n\t\t\t\t<div class=\"elementor-widget-container\">\n\t\t\t\t\t<div class=\"elementor-spacer\">\n\t\t\t<div class=\"elementor-spacer-inner\"><\/div>\n\t\t<\/div>\n\t\t\t\t<\/div>\n\t\t\t\t<\/div>\n\t\t\t\t<div class=\"elementor-element elementor-element-5d54e699 elementor-widget elementor-widget-heading\" data-id=\"5d54e699\" data-element_type=\"widget\" data-widget_type=\"heading.default\">\n\t\t\t\t<div class=\"elementor-widget-container\">\n\t\t\t<h1 class=\"elementor-heading-title elementor-size-large\">Impressum<\/h1>\t\t<\/div>\n\t\t\t\t<\/div>\n\t\t\t\t<div class=\"elementor-element elementor-element-d882287 elementor-widget elementor-widget-text-editor\" data-id=\"d882287\" data-element_type=\"widget\" data-widget_type=\"text-editor.default\">\n\t\t\t\t<div class=\"elementor-widget-container\">\n\t\t\t\t\t\t\t\t<h3><strong>Restaurant El Greco<\/strong><\/h3><p>\u00a0<\/p><p>Inh.: Kosmas Dermetzoglou<br \/>K\u00f6lner Str. 99<br \/>41539 Dormagen, Deutschland<\/p><p>\u00a0<\/p><p>Telefon : (+49) 02133 &#8211; 978484<br \/>E-Mail: kontakt@restaurant-el-greco.de<br \/>Internet: www.restaurant-el-greco.de<\/p><p>\u00a0<\/p><p>Rechtsform: Einzelunternehmen<\/p><p>Aufsichtsbeh\u00f6rde: Stadt Dormagen, Ordnungsamt<\/p><p>\u00a0<\/p><p><strong><br \/>\u00d6ffnungszeiten<\/strong><br \/>Dienstag bis Sonntag<br \/>11:30 \u2013 22:00 Uhr<br \/>Montag Ruhetag<\/p><p>\u00a0<\/p><p><strong><br \/>Inhaltlich Verantwortliche(r):<\/strong><br \/>Kosmas Dermetzoglou (Anschrift wie oben)<\/p><p>\u00a0<\/p><p><strong><br \/>Haftungshinweis:<\/strong><br \/>Trotz sorgf\u00e4ltiger inhaltlicher Kontrolle \u00fcbernehmen wir keine Haftung f\u00fcr die Inhalte externer Links. F\u00fcr den Inhalt der verlinkten Seiten sind ausschlie\u00dflich deren Betreiber verantwortlich.<\/p>\t\t\t\t\t\t<\/div>\n\t\t\t\t<\/div>\n\t\t\t\t\t<\/div>\n\t\t<\/div>\n\t\t\t\t\t\t\t<\/div>\n\t\t<\/section>\n\t\t\t\t\t\t<\/div>\n\t\t\t\t\t<\/div>\n\t\t","protected":false},"excerpt":{"rendered":"<p class=\"excerpt\">Impressum Restaurant El Greco \u00a0 Inh.: Kosmas DermetzoglouK\u00f6lner Str. 9941539 Dormagen, Deutschland \u00a0 Telefon : (+49) 02133 &#8211; 978484E-Mail: kontakt@restaurant-el-greco.deInternet: www.restaurant-el-greco.de \u00a0 Rechtsform: Einzelunternehmen Aufsichtsbeh\u00f6rde: Stadt Dormagen, Ordnungsamt \u00a0 \u00d6ffnungszeitenDienstag bis Sonntag11:30 \u2013 22:00 UhrMontag Ruhetag \u00a0 Inhaltlich Verantwortliche(r):Kosmas Dermetzoglou (Anschrift wie oben) \u00a0 Haftungshinweis:Trotz sorgf\u00e4ltiger inhaltlicher Kontrolle \u00fcbernehmen wir keine Haftung f\u00fcr die Inhalte [&hellip;]<\/p>\n","protected":false},"author":1,"featured_media":0,"parent":0,"menu_order":0,"comment_status":"closed","ping_status":"closed","template":"template-blank.php","meta":[],"_links":{"self":[{"href":"https:\/\/infaxserver.de\/restaurant-el-greco\/wp-json\/wp\/v2\/pages\/80"}],"collection":[{"href":"https:\/\/infaxserver.de\/restaurant-el-greco\/wp-json\/wp\/v2\/pages"}],"about":[{"href":"https:\/\/infaxserver.de\/restaurant-el-greco\/wp-json\/wp\/v2\/types\/page"}],"author":[{"embeddable":true,"href":"https:\/\/infaxserver.de\/restaurant-el-greco\/wp-json\/wp\/v2\/users\/1"}],"replies":[{"embeddable":true,"href":"https:\/\/infaxserver.de\/restaurant-el-greco\/wp-json\/wp\/v2\/comments?post=80"}],"version-history":[{"count":16,"href":"https:\/\/infaxserver.de\/restaurant-el-greco\/wp-json\/wp\/v2\/pages\/80\/revisions"}],"predecessor-version":[{"id":424,"href":"https:\/\/infaxserver.de\/restaurant-el-greco\/wp-json\/wp\/v2\/pages\/80\/revisions\/424"}],"wp:attachment":[{"href":"https:\/\/infaxserver.de\/restaurant-el-greco\/wp-json\/wp\/v2\/media?parent=80"}],"curies":[{"name":"wp","href":"https:\/\/api.w.org\/{rel}","templated":true}]}}