{"id":54,"date":"2024-11-19T17:24:46","date_gmt":"2024-11-19T16:24:46","guid":{"rendered":"https:\/\/infaxserver.de\/restaurant-cafedemo\/?page_id=54"},"modified":"2024-11-27T22:27:57","modified_gmt":"2024-11-27T21:27:57","slug":"impressum","status":"publish","type":"page","link":"https:\/\/infaxserver.de\/restaurant-cafedemo\/impressum\/","title":{"rendered":"Impressum"},"content":{"rendered":"\t\t<div data-elementor-type=\"wp-page\" data-elementor-id=\"54\" class=\"elementor elementor-54\" data-elementor-settings=\"[]\">\n\t\t\t\t\t\t\t<div class=\"elementor-section-wrap\">\n\t\t\t\t\t\t\t<section class=\"elementor-section elementor-top-section elementor-element elementor-element-d4b61ac elementor-section-full_width elementor-section-height-default elementor-section-height-default\" data-id=\"d4b61ac\" data-element_type=\"section\">\n\t\t\t\t\t\t\t<div class=\"elementor-background-overlay\"><\/div>\n\t\t\t\t\t\t\t<div class=\"elementor-container elementor-column-gap-no\">\n\t\t\t\t\t<div class=\"elementor-column elementor-col-100 elementor-top-column elementor-element elementor-element-676795a\" data-id=\"676795a\" data-element_type=\"column\">\n\t\t\t<div class=\"elementor-widget-wrap elementor-element-populated\">\n\t\t\t\t\t\t\t\t<div class=\"elementor-element elementor-element-50ee95c elementor--h-position-center elementor--v-position-middle elementor-arrows-position-inside elementor-pagination-position-inside elementor-widget elementor-widget-slides\" data-id=\"50ee95c\" data-element_type=\"widget\" data-settings=\"{&quot;navigation&quot;:&quot;both&quot;,&quot;autoplay&quot;:&quot;yes&quot;,&quot;pause_on_hover&quot;:&quot;yes&quot;,&quot;pause_on_interaction&quot;:&quot;yes&quot;,&quot;autoplay_speed&quot;:5000,&quot;infinite&quot;:&quot;yes&quot;,&quot;transition&quot;:&quot;slide&quot;,&quot;transition_speed&quot;:500}\" data-widget_type=\"slides.default\">\n\t\t\t\t<div class=\"elementor-widget-container\">\n\t\t\t\t\t<div class=\"elementor-swiper\">\n\t\t\t<div class=\"elementor-slides-wrapper elementor-main-swiper swiper-container\" dir=\"ltr\" data-animation=\"fadeInUp\">\n\t\t\t\t<div class=\"swiper-wrapper elementor-slides\">\n\t\t\t\t\t<div class=\"elementor-repeater-item-6458978 swiper-slide\"><div class=\"swiper-slide-bg\"><\/div><div class=\"swiper-slide-inner\" ><div class=\"swiper-slide-contents\"><div class=\"elementor-slide-heading\">Relaxen & Entspannen<\/div><div class=\"elementor-slide-description\"> bei gutem Essen<\/div><a href=\"tel:+491724975385\" class=\"elementor-button elementor-slide-button elementor-size-md\">Jetzt anrufen<\/a><\/div><\/div><\/div><div class=\"elementor-repeater-item-223871b swiper-slide\"><div class=\"swiper-slide-bg\"><\/div><div class=\"swiper-slide-inner\" ><div class=\"swiper-slide-contents\"><div class=\"elementor-slide-heading\">Alltagsstress vergessen<\/div><div class=\"elementor-slide-description\">Genie\u00dfen & erholen<\/div><a href=\"tel:+491724975385\" class=\"elementor-button elementor-slide-button elementor-size-md\">Hier reservieren<\/a><\/div><\/div><\/div>\t\t\t\t<\/div>\n\t\t\t\t\t\t\t\t\t\t\t\t\t\t\t<div class=\"swiper-pagination\"><\/div>\n\t\t\t\t\t\t\t\t\t\t\t\t\t\t\t\t<div class=\"elementor-swiper-button elementor-swiper-button-prev\">\n\t\t\t\t\t\t\t<i class=\"eicon-chevron-left\" aria-hidden=\"true\"><\/i>\n\t\t\t\t\t\t\t<span class=\"elementor-screen-only\">Voriger<\/span>\n\t\t\t\t\t\t<\/div>\n\t\t\t\t\t\t<div class=\"elementor-swiper-button elementor-swiper-button-next\">\n\t\t\t\t\t\t\t<i class=\"eicon-chevron-right\" aria-hidden=\"true\"><\/i>\n\t\t\t\t\t\t\t<span class=\"elementor-screen-only\">N\u00e4chster<\/span>\n\t\t\t\t\t\t<\/div>\n\t\t\t\t\t\t\t\t\t\t\t\t<\/div>\n\t\t<\/div>\n\t\t\t\t<\/div>\n\t\t\t\t<\/div>\n\t\t\t\t\t<\/div>\n\t\t<\/div>\n\t\t\t\t\t\t\t<\/div>\n\t\t<\/section>\n\t\t\t\t<section class=\"elementor-section elementor-top-section elementor-element elementor-element-3e1e7773 elementor-section-boxed elementor-section-height-default elementor-section-height-default\" data-id=\"3e1e7773\" data-element_type=\"section\">\n\t\t\t\t\t\t<div class=\"elementor-container elementor-column-gap-default\">\n\t\t\t\t\t<div class=\"elementor-column elementor-col-100 elementor-top-column elementor-element elementor-element-410ae921\" data-id=\"410ae921\" data-element_type=\"column\">\n\t\t\t<div class=\"elementor-widget-wrap elementor-element-populated\">\n\t\t\t\t\t\t\t\t<div class=\"elementor-element elementor-element-4ee4f6b8 elementor-widget elementor-widget-spacer\" data-id=\"4ee4f6b8\" data-element_type=\"widget\" data-widget_type=\"spacer.default\">\n\t\t\t\t<div class=\"elementor-widget-container\">\n\t\t\t\t\t<div class=\"elementor-spacer\">\n\t\t\t<div class=\"elementor-spacer-inner\"><\/div>\n\t\t<\/div>\n\t\t\t\t<\/div>\n\t\t\t\t<\/div>\n\t\t\t\t<div class=\"elementor-element elementor-element-18fcfe68 elementor-widget elementor-widget-heading\" data-id=\"18fcfe68\" data-element_type=\"widget\" data-widget_type=\"heading.default\">\n\t\t\t\t<div class=\"elementor-widget-container\">\n\t\t\t<h2 class=\"elementor-heading-title elementor-size-default\">Impressum<\/h2>\t\t<\/div>\n\t\t\t\t<\/div>\n\t\t\t\t<div class=\"elementor-element elementor-element-61993eae elementor-widget elementor-widget-text-editor\" data-id=\"61993eae\" data-element_type=\"widget\" data-widget_type=\"text-editor.default\">\n\t\t\t\t<div class=\"elementor-widget-container\">\n\t\t\t\t\t\t\t\t<p><strong>Restaurant Caf\u00e9 de Mo<br \/>im F\u00f6rsterhaus<br \/><\/strong>Inh.: Alves Barbosa<\/p><p>\u00a0<\/p><p>Stoffeler Damm 79 A<br \/>40225 D\u00fcsseldorf<\/p><p>\u00a0<\/p><p>Telefon: 0172 &#8211; 2427260<br \/>E-Mail: info@restaurant-cafedemo.de<\/p><p>\u00a0<\/p><p><strong>Inhaltlich Verantwortlich:<\/strong> Alves Barbosa (Anschrift wie oben)<\/p><p>\u00a0<\/p><p><strong>Aufsichtsbeh\u00f6rde:<\/strong> Stadt D\u00fcsseldorf, Ordnungsamt<\/p><p>\u00a0<\/p><p><strong>Urheberrecht<\/strong><br \/>Die durch die Seitenbetreiber erstellten Inhalte und Werke auf diesen Seiten unterliegen dem deutschen Urheberrecht. Die Vervielf\u00e4ltigung, Bearbeitung, Verbreitung und jede Art der Verwertung au\u00dferhalb der Grenzen des Urheberrechtes bed\u00fcrfen der schriftlichen Zustimmung des jeweiligen Autors bzw. Erstellers. Downloads und Kopien dieser Seite sind nur f\u00fcr den privaten, nicht kommerziellen Gebrauch gestattet.<\/p><p>\u00a0<\/p><p>Soweit die Inhalte auf dieser Seite nicht vom Betreiber erstellt wurden, werden die Urheberrechte Dritter beachtet. Insbesondere werden Inhalte<br \/>Dritter als solche gekennzeichnet.<\/p><p>\u00a0<\/p><p>Sollten Sie trotzdem auf eine Urheberrechtsverletzung aufmerksam werden, bitten wir um einen entsprechenden Hinweis. Bei Bekanntwerden von Rechtsverletzungen werden wir derartige Inhalte umgehend entfernen.<\/p>\t\t\t\t\t\t<\/div>\n\t\t\t\t<\/div>\n\t\t\t\t\t<\/div>\n\t\t<\/div>\n\t\t\t\t\t\t\t<\/div>\n\t\t<\/section>\n\t\t\t\t\t\t<\/div>\n\t\t\t\t\t<\/div>\n\t\t","protected":false},"excerpt":{"rendered":"<p class=\"excerpt\">Relaxen &#038; Entspannen bei gutem EssenJetzt anrufenAlltagsstress vergessenGenie\u00dfen &#038; erholenHier reservieren Voriger N\u00e4chster Impressum Restaurant Caf\u00e9 de Moim F\u00f6rsterhausInh.: Alves Barbosa \u00a0 Stoffeler Damm 79 A40225 D\u00fcsseldorf \u00a0 Telefon: 0172 &#8211; 2427260E-Mail: info@restaurant-cafedemo.de \u00a0 Inhaltlich Verantwortlich: Alves Barbosa (Anschrift wie oben) \u00a0 Aufsichtsbeh\u00f6rde: Stadt D\u00fcsseldorf, Ordnungsamt \u00a0 UrheberrechtDie durch die Seitenbetreiber erstellten Inhalte und Werke [&hellip;]<\/p>\n","protected":false},"author":1,"featured_media":0,"parent":0,"menu_order":0,"comment_status":"closed","ping_status":"closed","template":"template-blank.php","meta":[],"_links":{"self":[{"href":"https:\/\/infaxserver.de\/restaurant-cafedemo\/wp-json\/wp\/v2\/pages\/54"}],"collection":[{"href":"https:\/\/infaxserver.de\/restaurant-cafedemo\/wp-json\/wp\/v2\/pages"}],"about":[{"href":"https:\/\/infaxserver.de\/restaurant-cafedemo\/wp-json\/wp\/v2\/types\/page"}],"author":[{"embeddable":true,"href":"https:\/\/infaxserver.de\/restaurant-cafedemo\/wp-json\/wp\/v2\/users\/1"}],"replies":[{"embeddable":true,"href":"https:\/\/infaxserver.de\/restaurant-cafedemo\/wp-json\/wp\/v2\/comments?post=54"}],"version-history":[{"count":27,"href":"https:\/\/infaxserver.de\/restaurant-cafedemo\/wp-json\/wp\/v2\/pages\/54\/revisions"}],"predecessor-version":[{"id":383,"href":"https:\/\/infaxserver.de\/restaurant-cafedemo\/wp-json\/wp\/v2\/pages\/54\/revisions\/383"}],"wp:attachment":[{"href":"https:\/\/infaxserver.de\/restaurant-cafedemo\/wp-json\/wp\/v2\/media?parent=54"}],"curies":[{"name":"wp","href":"https:\/\/api.w.org\/{rel}","templated":true}]}}