{"id":156,"date":"2023-03-06T20:18:23","date_gmt":"2023-03-06T19:18:23","guid":{"rendered":"https:\/\/infaxserver.de\/pizzeria-pina\/?page_id=156"},"modified":"2023-05-31T17:33:42","modified_gmt":"2023-05-31T15:33:42","slug":"impressum","status":"publish","type":"page","link":"https:\/\/infaxserver.de\/pizzeria-pina\/impressum\/","title":{"rendered":"Impressum"},"content":{"rendered":"\t\t<div data-elementor-type=\"wp-page\" data-elementor-id=\"156\" class=\"elementor elementor-156\" data-elementor-settings=\"[]\">\n\t\t\t\t\t\t\t<div class=\"elementor-section-wrap\">\n\t\t\t\t\t\t\t<section class=\"elementor-section elementor-top-section elementor-element elementor-element-53a9fa33 elementor-section-boxed elementor-section-height-default elementor-section-height-default\" data-id=\"53a9fa33\" data-element_type=\"section\">\n\t\t\t\t\t\t<div class=\"elementor-container elementor-column-gap-default\">\n\t\t\t\t\t<div class=\"elementor-column elementor-col-100 elementor-top-column elementor-element elementor-element-57e31380\" data-id=\"57e31380\" data-element_type=\"column\">\n\t\t\t<div class=\"elementor-widget-wrap elementor-element-populated\">\n\t\t\t\t\t\t\t\t<div class=\"elementor-element elementor-element-36173d00 elementor-widget elementor-widget-spacer\" data-id=\"36173d00\" data-element_type=\"widget\" data-widget_type=\"spacer.default\">\n\t\t\t\t<div class=\"elementor-widget-container\">\n\t\t\t\t\t<div class=\"elementor-spacer\">\n\t\t\t<div class=\"elementor-spacer-inner\"><\/div>\n\t\t<\/div>\n\t\t\t\t<\/div>\n\t\t\t\t<\/div>\n\t\t\t\t<div class=\"elementor-element elementor-element-40962f4 elementor-widget elementor-widget-text-editor\" data-id=\"40962f4\" data-element_type=\"widget\" data-widget_type=\"text-editor.default\">\n\t\t\t\t<div class=\"elementor-widget-container\">\n\t\t\t\t\t\t\t\t<h3><strong>Pizzeria bei Pina<br \/><\/strong><\/h3><p><br \/>Inh.: Antonio La Blunda<br \/>L\u00fctzowstr. 30<br \/>42653 Solingen<br \/><br \/><\/p><p>Telefon: 0212 &#8211; 52866<br \/>E-Mail: info@pizzeria-pina.de<\/p><p><span style=\"font-family: Arial, sans-serif;\"><br \/><strong>Inhaltlich Verantwortlicher:<\/strong> Antonio La Blunda<\/span><span style=\"font-family: Arial, sans-serif;\">\u00a0(Anschrift wie oben)<\/span><\/p><p>\u00a0<\/p><p><strong>Aufsichtsbeh\u00f6rde:<\/strong> Stadt Solingen, Ordnungsdienst<\/p><p><span style=\"font-family: Arial, sans-serif;\"><b><br \/>Haftungshinweis:<\/b><\/span><span style=\"font-family: Arial, sans-serif;\"><b><br \/><\/b><\/span><span style=\"font-family: Arial, sans-serif;\">Trotz sorgf\u00e4ltiger inhaltlicher Kontrolle \u00fcbernehmen wir keine Haftung f\u00fcr die Inhalte externer Links. F\u00fcr den Inhalt der verlinkten Seiten sind ausschlie\u00dflich deren Betreiber verantwortlich.<\/span><\/p>\t\t\t\t\t\t<\/div>\n\t\t\t\t<\/div>\n\t\t\t\t\t<\/div>\n\t\t<\/div>\n\t\t\t\t\t\t\t<\/div>\n\t\t<\/section>\n\t\t\t\t\t\t<\/div>\n\t\t\t\t\t<\/div>\n\t\t","protected":false},"excerpt":{"rendered":"<p class=\"excerpt\">Pizzeria bei Pina Inh.: Antonio La BlundaL\u00fctzowstr. 3042653 Solingen Telefon: 0212 &#8211; 52866E-Mail: info@pizzeria-pina.de Inhaltlich Verantwortlicher: Antonio La Blunda\u00a0(Anschrift wie oben) \u00a0 Aufsichtsbeh\u00f6rde: Stadt Solingen, Ordnungsdienst Haftungshinweis:Trotz sorgf\u00e4ltiger inhaltlicher Kontrolle \u00fcbernehmen wir keine Haftung f\u00fcr die Inhalte externer Links. F\u00fcr den Inhalt der verlinkten Seiten sind ausschlie\u00dflich deren Betreiber verantwortlich.<\/p>\n","protected":false},"author":1,"featured_media":0,"parent":0,"menu_order":0,"comment_status":"closed","ping_status":"closed","template":"template-blank.php","meta":[],"_links":{"self":[{"href":"https:\/\/infaxserver.de\/pizzeria-pina\/wp-json\/wp\/v2\/pages\/156"}],"collection":[{"href":"https:\/\/infaxserver.de\/pizzeria-pina\/wp-json\/wp\/v2\/pages"}],"about":[{"href":"https:\/\/infaxserver.de\/pizzeria-pina\/wp-json\/wp\/v2\/types\/page"}],"author":[{"embeddable":true,"href":"https:\/\/infaxserver.de\/pizzeria-pina\/wp-json\/wp\/v2\/users\/1"}],"replies":[{"embeddable":true,"href":"https:\/\/infaxserver.de\/pizzeria-pina\/wp-json\/wp\/v2\/comments?post=156"}],"version-history":[{"count":15,"href":"https:\/\/infaxserver.de\/pizzeria-pina\/wp-json\/wp\/v2\/pages\/156\/revisions"}],"predecessor-version":[{"id":465,"href":"https:\/\/infaxserver.de\/pizzeria-pina\/wp-json\/wp\/v2\/pages\/156\/revisions\/465"}],"wp:attachment":[{"href":"https:\/\/infaxserver.de\/pizzeria-pina\/wp-json\/wp\/v2\/media?parent=156"}],"curies":[{"name":"wp","href":"https:\/\/api.w.org\/{rel}","templated":true}]}}