{"id":129,"date":"2022-04-27T19:14:05","date_gmt":"2022-04-27T17:14:05","guid":{"rendered":"https:\/\/infaxserver.de\/palandoken-kebaphouse\/?page_id=129"},"modified":"2025-11-21T10:57:47","modified_gmt":"2025-11-21T09:57:47","slug":"impressum","status":"publish","type":"page","link":"https:\/\/infaxserver.de\/palandoken-kebaphouse\/impressum\/","title":{"rendered":"Impressum"},"content":{"rendered":"\t\t<div data-elementor-type=\"wp-page\" data-elementor-id=\"129\" class=\"elementor elementor-129\" data-elementor-settings=\"[]\">\n\t\t\t\t\t\t\t<div class=\"elementor-section-wrap\">\n\t\t\t\t\t\t\t<section class=\"elementor-section elementor-top-section elementor-element elementor-element-53caca3e elementor-section-boxed elementor-section-height-default elementor-section-height-default\" data-id=\"53caca3e\" data-element_type=\"section\" data-settings=\"{&quot;background_background&quot;:&quot;classic&quot;}\">\n\t\t\t\t\t\t<div class=\"elementor-container elementor-column-gap-default\">\n\t\t\t\t\t<div class=\"elementor-column elementor-col-100 elementor-top-column elementor-element elementor-element-6f6df938\" data-id=\"6f6df938\" data-element_type=\"column\">\n\t\t\t<div class=\"elementor-widget-wrap elementor-element-populated\">\n\t\t\t\t\t\t\t\t<div class=\"elementor-element elementor-element-57ef7dd3 elementor-widget elementor-widget-spacer\" data-id=\"57ef7dd3\" data-element_type=\"widget\" data-widget_type=\"spacer.default\">\n\t\t\t\t<div class=\"elementor-widget-container\">\n\t\t\t\t\t<div class=\"elementor-spacer\">\n\t\t\t<div class=\"elementor-spacer-inner\"><\/div>\n\t\t<\/div>\n\t\t\t\t<\/div>\n\t\t\t\t<\/div>\n\t\t\t\t<div class=\"elementor-element elementor-element-64589ec7 elementor-widget elementor-widget-text-editor\" data-id=\"64589ec7\" data-element_type=\"widget\" data-widget_type=\"text-editor.default\">\n\t\t\t\t<div class=\"elementor-widget-container\">\n\t\t\t\t\t\t\t\t<p>Paland\u00f6ken Kebap<br \/>Inh.Frau Samira Jellouli<br \/>Krefelder Stra\u00dfe 485\u2013487<br \/>41066 M\u00f6nchengladbach<\/p><p>02161 \/ 477 00 55<br \/><a class=\"mailto-link\" href=\"mailto:info@palandoken-kebap.de\" target=\"_blank\" rel=\"noopener\">info@palandoken-kebap.de<\/a>\u00a0<\/p><p><span style=\"color: #0000ff;\"><a href=\"http:\/\/www.palandoken-kebaphouse.de\/\"><span style=\"font-family: Arial, sans-serif;\">www.palandoken-kebaphouse.de<\/span><\/a><\/span><\/p><p><span style=\"font-family: Arial, sans-serif;\">\u00d6ffnungszeiten:<br \/><\/span><\/p><p>\u00d6ffnungszeiten<br \/>Montag bis Sonntag &amp; Feiertage<br \/>11:30 \u2013 22:00 Uhr<\/p><p>Lieferzeiten<br \/>Montag bis Sonntag &amp; Feiertage<br \/>12:00 \u2013 22:00 Uhr<\/p><p>Inhaltlich Verantwortliche(r): Samira Jellouli (Anschrift wie oben)<\/p><p><span style=\"font-family: Arial, sans-serif;\">Aufsichtsbeh\u00f6rde: Ordnungsamt M\u00f6nchengladbach<\/span><\/p><p><span style=\"font-family: Arial, sans-serif;\"><b>Haftungshinweis:<\/b><\/span><span style=\"font-family: Arial, sans-serif;\"><b><br \/><\/b><\/span><span style=\"font-family: Arial, sans-serif;\">Trotz sorgf\u00e4ltiger inhaltlicher Kontrolle \u00fcbernehmen wir keine Haftung f\u00fcr die Inhalte externer Links. F\u00fcr den Inhalt der verlinkten Seiten sind ausschlie\u00dflich deren Betreiber verantwortlich.<\/span><\/p>\t\t\t\t\t\t<\/div>\n\t\t\t\t<\/div>\n\t\t\t\t\t<\/div>\n\t\t<\/div>\n\t\t\t\t\t\t\t<\/div>\n\t\t<\/section>\n\t\t\t\t\t\t<\/div>\n\t\t\t\t\t<\/div>\n\t\t","protected":false},"excerpt":{"rendered":"<p>Paland\u00f6ken KebapInh.Frau Samira JellouliKrefelder Stra\u00dfe 485\u201348741066 M\u00f6nchengladbach 02161 \/ 477 00 55info@palandoken-kebap.de\u00a0 www.palandoken-kebaphouse.de \u00d6ffnungszeiten: \u00d6ffnungszeitenMontag bis Sonntag &amp; Feiertage11:30 \u2013 22:00 Uhr LieferzeitenMontag bis Sonntag &amp; Feiertage12:00 \u2013 22:00 Uhr Inhaltlich Verantwortliche(r): Samira Jellouli (Anschrift wie oben) Aufsichtsbeh\u00f6rde: Ordnungsamt M\u00f6nchengladbach Haftungshinweis:Trotz sorgf\u00e4ltiger inhaltlicher Kontrolle \u00fcbernehmen wir keine Haftung f\u00fcr die Inhalte externer Links. F\u00fcr den [&hellip;]<\/p>\n","protected":false},"author":1,"featured_media":0,"parent":0,"menu_order":0,"comment_status":"closed","ping_status":"closed","template":"","meta":[],"_links":{"self":[{"href":"https:\/\/infaxserver.de\/palandoken-kebaphouse\/wp-json\/wp\/v2\/pages\/129"}],"collection":[{"href":"https:\/\/infaxserver.de\/palandoken-kebaphouse\/wp-json\/wp\/v2\/pages"}],"about":[{"href":"https:\/\/infaxserver.de\/palandoken-kebaphouse\/wp-json\/wp\/v2\/types\/page"}],"author":[{"embeddable":true,"href":"https:\/\/infaxserver.de\/palandoken-kebaphouse\/wp-json\/wp\/v2\/users\/1"}],"replies":[{"embeddable":true,"href":"https:\/\/infaxserver.de\/palandoken-kebaphouse\/wp-json\/wp\/v2\/comments?post=129"}],"version-history":[{"count":28,"href":"https:\/\/infaxserver.de\/palandoken-kebaphouse\/wp-json\/wp\/v2\/pages\/129\/revisions"}],"predecessor-version":[{"id":704,"href":"https:\/\/infaxserver.de\/palandoken-kebaphouse\/wp-json\/wp\/v2\/pages\/129\/revisions\/704"}],"wp:attachment":[{"href":"https:\/\/infaxserver.de\/palandoken-kebaphouse\/wp-json\/wp\/v2\/media?parent=129"}],"curies":[{"name":"wp","href":"https:\/\/api.w.org\/{rel}","templated":true}]}}