{"id":74,"date":"2022-12-02T17:31:22","date_gmt":"2022-12-02T16:31:22","guid":{"rendered":"https:\/\/infaxserver.de\/meisenklausekoeln\/?page_id=74"},"modified":"2024-08-21T16:15:24","modified_gmt":"2024-08-21T14:15:24","slug":"impressum","status":"publish","type":"page","link":"https:\/\/infaxserver.de\/meisenklausekoeln\/impressum\/","title":{"rendered":"Impressum"},"content":{"rendered":"\t\t<div data-elementor-type=\"wp-page\" data-elementor-id=\"74\" class=\"elementor elementor-74\" data-elementor-settings=\"[]\">\n\t\t\t\t\t\t\t<div class=\"elementor-section-wrap\">\n\t\t\t\t\t\t\t<section class=\"elementor-section elementor-top-section elementor-element elementor-element-549877b0 elementor-section-boxed elementor-section-height-default elementor-section-height-default\" data-id=\"549877b0\" data-element_type=\"section\">\n\t\t\t\t\t\t<div class=\"elementor-container elementor-column-gap-default\">\n\t\t\t\t\t<div class=\"elementor-column elementor-col-100 elementor-top-column elementor-element elementor-element-63f92553\" data-id=\"63f92553\" data-element_type=\"column\">\n\t\t\t<div class=\"elementor-widget-wrap elementor-element-populated\">\n\t\t\t\t\t\t\t\t<div class=\"elementor-element elementor-element-18cfc69c elementor-widget elementor-widget-spacer\" data-id=\"18cfc69c\" data-element_type=\"widget\" data-widget_type=\"spacer.default\">\n\t\t\t\t<div class=\"elementor-widget-container\">\n\t\t\t\t\t<div class=\"elementor-spacer\">\n\t\t\t<div class=\"elementor-spacer-inner\"><\/div>\n\t\t<\/div>\n\t\t\t\t<\/div>\n\t\t\t\t<\/div>\n\t\t\t\t<div class=\"elementor-element elementor-element-5bb64504 elementor-widget elementor-widget-heading\" data-id=\"5bb64504\" data-element_type=\"widget\" data-widget_type=\"heading.default\">\n\t\t\t\t<div class=\"elementor-widget-container\">\n\t\t\t<h1 class=\"elementor-heading-title elementor-size-large\">Impressum<\/h1>\t\t<\/div>\n\t\t\t\t<\/div>\n\t\t\t\t<div class=\"elementor-element elementor-element-17496b1f elementor-widget elementor-widget-text-editor\" data-id=\"17496b1f\" data-element_type=\"widget\" data-widget_type=\"text-editor.default\">\n\t\t\t\t<div class=\"elementor-widget-container\">\n\t\t\t\t\t\t\t\t<h3><strong>Meisenklause<\/strong><\/h3><p>\u00a0<\/p><p>Inhaber: Sascha Reuter<br \/>Meisenweg 5<br \/>50829 K\u00f6ln<\/p><p>\u00a0<\/p><p>Tel: (+49) 0221 &#8211; 42317800<br \/>E-Mail: info@meisenklausekoeln.de<br \/>Internet: www.meisenklausekoeln.de<\/p><p>\u00a0<\/p><p><strong>Rechtsform:<\/strong> Einzelunternehmen<br \/>Aufsichtsbeh\u00f6rde: Stadt K\u00f6ln, Ordnungsdienst<\/p><p>\u00a0<\/p><p><strong>\u00d6ffnungszeiten:<\/strong><\/p><p>\u00a0<\/p><p>Montag bis Donnerstag<br \/>16:30 \u2013 23:00 Uhr<br \/>Freitag 16:30 bis 1:00 Uhr<br \/>(K\u00fcche 17:00 \u2013 22:00 Uhr)<br \/><br \/><\/p><p>Samstag<br \/>15:00 \u2013 3:00 Uhr<br \/>(K\u00fcche 16:00\u00a0 \u2013 22:00 Uhr)<br \/><br \/><\/p><p>Sonntag 15:00 \u2013 22:00<br \/>(K\u00fcche 15:00 \u2013 21:00 Uhr)<\/p><p>\u00a0<\/p><p><strong>Mittwoch Ruhetag<br \/><br \/><\/strong><\/p><p>Inhaltlich Verantwortlicher:<br \/>Sascha Reuter (Anschrift wie oben)<br \/><br \/><\/p><p>Haftungshinweis:<br \/>Trotz sorgf\u00e4ltiger inhaltlicher Kontrolle \u00fcbernehmen wir keine Haftung f\u00fcr die Inhalte externer Links. F\u00fcr den Inhalt der verlinkten Seiten sind ausschlie\u00dflich deren Betreiber verantwortlich.<br \/><br \/><\/p>\t\t\t\t\t\t<\/div>\n\t\t\t\t<\/div>\n\t\t\t\t\t<\/div>\n\t\t<\/div>\n\t\t\t\t\t\t\t<\/div>\n\t\t<\/section>\n\t\t\t\t\t\t<\/div>\n\t\t\t\t\t<\/div>\n\t\t","protected":false},"excerpt":{"rendered":"<p class=\"excerpt\">Impressum Meisenklause \u00a0 Inhaber: Sascha ReuterMeisenweg 550829 K\u00f6ln \u00a0 Tel: (+49) 0221 &#8211; 42317800E-Mail: info@meisenklausekoeln.deInternet: www.meisenklausekoeln.de \u00a0 Rechtsform: EinzelunternehmenAufsichtsbeh\u00f6rde: Stadt K\u00f6ln, Ordnungsdienst \u00a0 \u00d6ffnungszeiten: \u00a0 Montag bis Donnerstag16:30 \u2013 23:00 UhrFreitag 16:30 bis 1:00 Uhr(K\u00fcche 17:00 \u2013 22:00 Uhr) Samstag15:00 \u2013 3:00 Uhr(K\u00fcche 16:00\u00a0 \u2013 22:00 Uhr) Sonntag 15:00 \u2013 22:00(K\u00fcche 15:00 \u2013 21:00 Uhr) [&hellip;]<\/p>\n","protected":false},"author":1,"featured_media":0,"parent":0,"menu_order":0,"comment_status":"closed","ping_status":"closed","template":"template-blank.php","meta":[],"_links":{"self":[{"href":"https:\/\/infaxserver.de\/meisenklausekoeln\/wp-json\/wp\/v2\/pages\/74"}],"collection":[{"href":"https:\/\/infaxserver.de\/meisenklausekoeln\/wp-json\/wp\/v2\/pages"}],"about":[{"href":"https:\/\/infaxserver.de\/meisenklausekoeln\/wp-json\/wp\/v2\/types\/page"}],"author":[{"embeddable":true,"href":"https:\/\/infaxserver.de\/meisenklausekoeln\/wp-json\/wp\/v2\/users\/1"}],"replies":[{"embeddable":true,"href":"https:\/\/infaxserver.de\/meisenklausekoeln\/wp-json\/wp\/v2\/comments?post=74"}],"version-history":[{"count":25,"href":"https:\/\/infaxserver.de\/meisenklausekoeln\/wp-json\/wp\/v2\/pages\/74\/revisions"}],"predecessor-version":[{"id":500,"href":"https:\/\/infaxserver.de\/meisenklausekoeln\/wp-json\/wp\/v2\/pages\/74\/revisions\/500"}],"wp:attachment":[{"href":"https:\/\/infaxserver.de\/meisenklausekoeln\/wp-json\/wp\/v2\/media?parent=74"}],"curies":[{"name":"wp","href":"https:\/\/api.w.org\/{rel}","templated":true}]}}