{"id":58,"date":"2022-12-09T10:04:04","date_gmt":"2022-12-09T09:04:04","guid":{"rendered":"https:\/\/infaxserver.de\/kunstkneipebutze\/?page_id=58"},"modified":"2024-05-02T15:58:12","modified_gmt":"2024-05-02T13:58:12","slug":"impressum","status":"publish","type":"page","link":"https:\/\/infaxserver.de\/langelodoro\/impressum\/","title":{"rendered":"Impressum"},"content":{"rendered":"\t\t<div data-elementor-type=\"wp-page\" data-elementor-id=\"58\" class=\"elementor elementor-58\" data-elementor-settings=\"[]\">\n\t\t\t\t\t\t\t<div class=\"elementor-section-wrap\">\n\t\t\t\t\t\t\t<section class=\"elementor-section elementor-top-section elementor-element elementor-element-1822e609 elementor-section-boxed elementor-section-height-default elementor-section-height-default\" data-id=\"1822e609\" data-element_type=\"section\">\n\t\t\t\t\t\t<div class=\"elementor-container elementor-column-gap-default\">\n\t\t\t\t\t<div class=\"elementor-column elementor-col-100 elementor-top-column elementor-element elementor-element-580eea98\" data-id=\"580eea98\" data-element_type=\"column\">\n\t\t\t<div class=\"elementor-widget-wrap elementor-element-populated\">\n\t\t\t\t\t\t\t\t<div class=\"elementor-element elementor-element-7f611eaf elementor-widget elementor-widget-spacer\" data-id=\"7f611eaf\" data-element_type=\"widget\" data-widget_type=\"spacer.default\">\n\t\t\t\t<div class=\"elementor-widget-container\">\n\t\t\t\t\t<div class=\"elementor-spacer\">\n\t\t\t<div class=\"elementor-spacer-inner\"><\/div>\n\t\t<\/div>\n\t\t\t\t<\/div>\n\t\t\t\t<\/div>\n\t\t\t\t<div class=\"elementor-element elementor-element-13200b2e elementor-widget elementor-widget-heading\" data-id=\"13200b2e\" data-element_type=\"widget\" data-widget_type=\"heading.default\">\n\t\t\t\t<div class=\"elementor-widget-container\">\n\t\t\t<h1 class=\"elementor-heading-title elementor-size-large\">Impressum<\/h1>\t\t<\/div>\n\t\t\t\t<\/div>\n\t\t\t\t<div class=\"elementor-element elementor-element-599f7d8b elementor-widget elementor-widget-text-editor\" data-id=\"599f7d8b\" data-element_type=\"widget\" data-widget_type=\"text-editor.default\">\n\t\t\t\t<div class=\"elementor-widget-container\">\n\t\t\t\t\t\t\t\t<h3><strong>Ristorante L\u00b4Angelo d\u00b4Oro<\/strong><\/h3><p>Inh.: Angelo Cannizzaro<br \/>Berrenrather Str. 197<br \/>50937 K\u00f6ln-S\u00fclz<\/p><p>\u00a0<\/p><p>Tel. 0221 \u2013 33779980<br \/>E-Mail: info@langelodoro.de<br \/>Internet: www.langelodoro.de<\/p><p>\u00a0<\/p><p><strong><br \/>\u00d6ffnungszeiten<\/strong><\/p><p>Dienstag \u2013 Freitag<br \/>11:30 \u2013 15:00 Uhr und 17:30 \u2013 23:00 Uhr<\/p><p>\u00a0<\/p><p>Samstag &amp; Sonntag<br \/>17:30 \u2013 23:00 Uhr<\/p><p>\u00a0<\/p><p><strong>Montag Ruhetag<\/strong><\/p><p>\u00a0<\/p><p><strong>Rechtsform:<\/strong> Einzelunternehmen<\/p><p>\u00a0<\/p><p>Aufsichtsbeh\u00f6rde: Stadt K\u00f6ln, Ordnungsdienst<\/p><p>\u00a0<\/p><p><strong>Inhaltlich Verantwortliche(r):<\/strong><\/p><p>Angelo Cannizzaro (Anschrift wie oben)<\/p><p>\u00a0<\/p><p><strong>Haftungshinweis:<\/strong><\/p><p>Trotz sorgf\u00e4ltiger inhaltlicher Kontrolle \u00fcbernehmen wir keine Haftung f\u00fcr die Inhalte externer Links. F\u00fcr den Inhalt der verlinkten Seiten sind ausschlie\u00dflich deren Betreiber verantwortlich.<\/p>\t\t\t\t\t\t<\/div>\n\t\t\t\t<\/div>\n\t\t\t\t\t<\/div>\n\t\t<\/div>\n\t\t\t\t\t\t\t<\/div>\n\t\t<\/section>\n\t\t\t\t\t\t<\/div>\n\t\t\t\t\t<\/div>\n\t\t","protected":false},"excerpt":{"rendered":"<p class=\"excerpt\">Impressum Ristorante L\u00b4Angelo d\u00b4Oro Inh.: Angelo CannizzaroBerrenrather Str. 19750937 K\u00f6ln-S\u00fclz \u00a0 Tel. 0221 \u2013 33779980E-Mail: info@langelodoro.deInternet: www.langelodoro.de \u00a0 \u00d6ffnungszeiten Dienstag \u2013 Freitag11:30 \u2013 15:00 Uhr und 17:30 \u2013 23:00 Uhr \u00a0 Samstag &amp; Sonntag17:30 \u2013 23:00 Uhr \u00a0 Montag Ruhetag \u00a0 Rechtsform: Einzelunternehmen \u00a0 Aufsichtsbeh\u00f6rde: Stadt K\u00f6ln, Ordnungsdienst \u00a0 Inhaltlich Verantwortliche(r): Angelo Cannizzaro (Anschrift wie [&hellip;]<\/p>\n","protected":false},"author":1,"featured_media":0,"parent":0,"menu_order":0,"comment_status":"closed","ping_status":"closed","template":"template-blank.php","meta":[],"_links":{"self":[{"href":"https:\/\/infaxserver.de\/langelodoro\/wp-json\/wp\/v2\/pages\/58"}],"collection":[{"href":"https:\/\/infaxserver.de\/langelodoro\/wp-json\/wp\/v2\/pages"}],"about":[{"href":"https:\/\/infaxserver.de\/langelodoro\/wp-json\/wp\/v2\/types\/page"}],"author":[{"embeddable":true,"href":"https:\/\/infaxserver.de\/langelodoro\/wp-json\/wp\/v2\/users\/1"}],"replies":[{"embeddable":true,"href":"https:\/\/infaxserver.de\/langelodoro\/wp-json\/wp\/v2\/comments?post=58"}],"version-history":[{"count":19,"href":"https:\/\/infaxserver.de\/langelodoro\/wp-json\/wp\/v2\/pages\/58\/revisions"}],"predecessor-version":[{"id":448,"href":"https:\/\/infaxserver.de\/langelodoro\/wp-json\/wp\/v2\/pages\/58\/revisions\/448"}],"wp:attachment":[{"href":"https:\/\/infaxserver.de\/langelodoro\/wp-json\/wp\/v2\/media?parent=58"}],"curies":[{"name":"wp","href":"https:\/\/api.w.org\/{rel}","templated":true}]}}