{"id":260,"date":"2022-11-10T13:59:28","date_gmt":"2022-11-10T12:59:28","guid":{"rendered":"https:\/\/infaxserver.de\/landgasthausimkuehlengrund\/?page_id=260"},"modified":"2025-02-27T11:46:18","modified_gmt":"2025-02-27T10:46:18","slug":"impressum","status":"publish","type":"page","link":"https:\/\/infaxserver.de\/landgasthausimkuehlengrund\/impressum\/","title":{"rendered":"Impressum"},"content":{"rendered":"\t\t<div data-elementor-type=\"wp-page\" data-elementor-id=\"260\" class=\"elementor elementor-260\" data-elementor-settings=\"[]\">\n\t\t\t\t\t\t\t<div class=\"elementor-section-wrap\">\n\t\t\t\t\t\t\t<section class=\"elementor-section elementor-top-section elementor-element elementor-element-189ea9fb elementor-section-boxed elementor-section-height-default elementor-section-height-default\" data-id=\"189ea9fb\" data-element_type=\"section\">\n\t\t\t\t\t\t<div class=\"elementor-container elementor-column-gap-default\">\n\t\t\t\t\t<div class=\"elementor-column elementor-col-100 elementor-top-column elementor-element elementor-element-73bf4491\" data-id=\"73bf4491\" data-element_type=\"column\">\n\t\t\t<div class=\"elementor-widget-wrap elementor-element-populated\">\n\t\t\t\t\t\t\t\t<div class=\"elementor-element elementor-element-227d4f8a elementor-widget elementor-widget-spacer\" data-id=\"227d4f8a\" data-element_type=\"widget\" data-widget_type=\"spacer.default\">\n\t\t\t\t<div class=\"elementor-widget-container\">\n\t\t\t\t\t<div class=\"elementor-spacer\">\n\t\t\t<div class=\"elementor-spacer-inner\"><\/div>\n\t\t<\/div>\n\t\t\t\t<\/div>\n\t\t\t\t<\/div>\n\t\t\t\t<div class=\"elementor-element elementor-element-f08dd53 elementor-widget elementor-widget-heading\" data-id=\"f08dd53\" data-element_type=\"widget\" data-widget_type=\"heading.default\">\n\t\t\t\t<div class=\"elementor-widget-container\">\n\t\t\t<h1 class=\"elementor-heading-title elementor-size-default\">Impressum<\/h1>\t\t<\/div>\n\t\t\t\t<\/div>\n\t\t\t\t<div class=\"elementor-element elementor-element-4fc4cf72 elementor-widget elementor-widget-text-editor\" data-id=\"4fc4cf72\" data-element_type=\"widget\" data-widget_type=\"text-editor.default\">\n\t\t\t\t<div class=\"elementor-widget-container\">\n\t\t\t\t\t\t\t\t<p><strong>IM K\u00dcHLEN GRUND<br \/>Landgasthaus &amp; Hotel<br \/><\/strong>Lohauser Dorfstr. 41<br \/>40474 D\u00fcsseldorf, Deutschland<\/p><p>\u00a0<\/p><p>Telefon : (+49) 0211 &#8211; 432964<br \/>E-Mail: info@landgasthausimkuehlengrund.de<br \/>Internet: www.landgasthausimkuehlengrund.de<\/p><p>\u00a0<\/p><p><strong>vertreten durch:<\/strong><br \/>Elmico UG<br \/>Gesch\u00e4ftsf\u00fchrung: Elke J\u00e4hrling<\/p><p>\u00a0<\/p><p>Rechtsform: UG<br \/>Handelsregistereintrag: Amtsgericht D\u00fcsseldorf, HRB 76386\u00a0<\/p><p>\u00a0<\/p><p>Aufsichtsbeh\u00f6rde: Stadt D\u00fcsseldorf, Ordnungsamt<\/p><p>\u00a0<\/p><p><strong>\u00d6ffnungszeiten<\/strong><br \/>Mittwoch bis Montag<br \/>17:00 bis 23:00 Uhr<br \/>Dienstag Ruhetag<\/p><p>\u00a0<\/p><p><strong>Inhaltlich Verantwortliche(r):<\/strong><br \/>Elke J\u00e4hrling (Anschrift wie oben)<\/p><p>\u00a0<\/p><p><strong>Haftungshinweis:<\/strong><br \/>Trotz sorgf\u00e4ltiger inhaltlicher Kontrolle \u00fcbernehmen wir keine Haftung f\u00fcr die Inhalte externer Links. F\u00fcr den Inhalt der verlinkten Seiten sind ausschlie\u00dflich deren Betreiber verantwortlich.<\/p>\t\t\t\t\t\t<\/div>\n\t\t\t\t<\/div>\n\t\t\t\t\t<\/div>\n\t\t<\/div>\n\t\t\t\t\t\t\t<\/div>\n\t\t<\/section>\n\t\t\t\t\t\t<\/div>\n\t\t\t\t\t<\/div>\n\t\t","protected":false},"excerpt":{"rendered":"<p class=\"excerpt\">Impressum IM K\u00dcHLEN GRUNDLandgasthaus &amp; HotelLohauser Dorfstr. 4140474 D\u00fcsseldorf, Deutschland \u00a0 Telefon : (+49) 0211 &#8211; 432964E-Mail: info@landgasthausimkuehlengrund.deInternet: www.landgasthausimkuehlengrund.de \u00a0 vertreten durch:Elmico UGGesch\u00e4ftsf\u00fchrung: Elke J\u00e4hrling \u00a0 Rechtsform: UGHandelsregistereintrag: Amtsgericht D\u00fcsseldorf, HRB 76386\u00a0 \u00a0 Aufsichtsbeh\u00f6rde: Stadt D\u00fcsseldorf, Ordnungsamt \u00a0 \u00d6ffnungszeitenMittwoch bis Montag17:00 bis 23:00 UhrDienstag Ruhetag \u00a0 Inhaltlich Verantwortliche(r):Elke J\u00e4hrling (Anschrift wie oben) \u00a0 Haftungshinweis:Trotz sorgf\u00e4ltiger [&hellip;]<\/p>\n","protected":false},"author":1,"featured_media":0,"parent":0,"menu_order":0,"comment_status":"closed","ping_status":"closed","template":"template-blank.php","meta":[],"_links":{"self":[{"href":"https:\/\/infaxserver.de\/landgasthausimkuehlengrund\/wp-json\/wp\/v2\/pages\/260"}],"collection":[{"href":"https:\/\/infaxserver.de\/landgasthausimkuehlengrund\/wp-json\/wp\/v2\/pages"}],"about":[{"href":"https:\/\/infaxserver.de\/landgasthausimkuehlengrund\/wp-json\/wp\/v2\/types\/page"}],"author":[{"embeddable":true,"href":"https:\/\/infaxserver.de\/landgasthausimkuehlengrund\/wp-json\/wp\/v2\/users\/1"}],"replies":[{"embeddable":true,"href":"https:\/\/infaxserver.de\/landgasthausimkuehlengrund\/wp-json\/wp\/v2\/comments?post=260"}],"version-history":[{"count":16,"href":"https:\/\/infaxserver.de\/landgasthausimkuehlengrund\/wp-json\/wp\/v2\/pages\/260\/revisions"}],"predecessor-version":[{"id":518,"href":"https:\/\/infaxserver.de\/landgasthausimkuehlengrund\/wp-json\/wp\/v2\/pages\/260\/revisions\/518"}],"wp:attachment":[{"href":"https:\/\/infaxserver.de\/landgasthausimkuehlengrund\/wp-json\/wp\/v2\/media?parent=260"}],"curies":[{"name":"wp","href":"https:\/\/api.w.org\/{rel}","templated":true}]}}