{"id":10,"date":"2023-12-13T18:26:38","date_gmt":"2023-12-13T17:26:38","guid":{"rendered":"https:\/\/infaxserver.de\/hausschauff-beimicha\/?page_id=10"},"modified":"2025-03-12T18:58:06","modified_gmt":"2025-03-12T17:58:06","slug":"impressum","status":"publish","type":"page","link":"https:\/\/infaxserver.de\/hausschauff-beimicha\/impressum\/","title":{"rendered":"Impressum"},"content":{"rendered":"\t\t<div data-elementor-type=\"wp-page\" data-elementor-id=\"10\" class=\"elementor elementor-10\" data-elementor-settings=\"[]\">\n\t\t\t\t\t\t\t<div class=\"elementor-section-wrap\">\n\t\t\t\t\t\t\t<section class=\"elementor-section elementor-top-section elementor-element elementor-element-6775c484 elementor-section-boxed elementor-section-height-default elementor-section-height-default\" data-id=\"6775c484\" data-element_type=\"section\">\n\t\t\t\t\t\t<div class=\"elementor-container elementor-column-gap-default\">\n\t\t\t\t\t<div class=\"elementor-column elementor-col-100 elementor-top-column elementor-element elementor-element-16951de6\" data-id=\"16951de6\" data-element_type=\"column\">\n\t\t\t<div class=\"elementor-widget-wrap elementor-element-populated\">\n\t\t\t\t\t\t\t\t<div class=\"elementor-element elementor-element-5190aef1 elementor-widget elementor-widget-spacer\" data-id=\"5190aef1\" data-element_type=\"widget\" data-widget_type=\"spacer.default\">\n\t\t\t\t<div class=\"elementor-widget-container\">\n\t\t\t\t\t<div class=\"elementor-spacer\">\n\t\t\t<div class=\"elementor-spacer-inner\"><\/div>\n\t\t<\/div>\n\t\t\t\t<\/div>\n\t\t\t\t<\/div>\n\t\t\t\t<div class=\"elementor-element elementor-element-67956d62 elementor-widget elementor-widget-heading\" data-id=\"67956d62\" data-element_type=\"widget\" data-widget_type=\"heading.default\">\n\t\t\t\t<div class=\"elementor-widget-container\">\n\t\t\t<h2 class=\"elementor-heading-title elementor-size-default\">Impressum<\/h2>\t\t<\/div>\n\t\t\t\t<\/div>\n\t\t\t\t<div class=\"elementor-element elementor-element-2c06bf06 elementor-widget elementor-widget-text-editor\" data-id=\"2c06bf06\" data-element_type=\"widget\" data-widget_type=\"text-editor.default\">\n\t\t\t\t<div class=\"elementor-widget-container\">\n\t\t\t\t\t\t\t\t<p><strong>Haus Schauff<br \/><\/strong>Bei Micha<br \/>Restaurant &amp; Catering<br \/>Hauptstra\u00dfe 89<br \/>50259 Pulheim<\/p><p><strong><br \/>Kontaktdaten<\/strong><br \/>Telefon: 02238 &#8211; 478 24 13<br \/>Mobil: 0152 285 100 10<\/p><p>e-Mail: info@hausschauff-beimicha.de<br \/>https:\/\/www.hausschauff-beimicha.de<\/p><p><strong><br \/>Inhaltlich Verantwortliche(r):<\/strong><br \/>Michal Bury<br \/>Hauptstr. 89<br \/>50259 Pulheim<\/p><p><strong><br \/>Rechtsform:<\/strong> Einzelunternehmen<br \/><strong><br \/>Aufsichtsbeh\u00f6rde:<\/strong> Stadt Pulheim, Ordnungsabteilung<\/p><p><strong><br \/>Haftungshinweis:<\/strong><br \/>Trotz sorgf\u00e4ltiger inhaltlicher Kontrolle \u00fcbernehmen wir keine Haftung f\u00fcr die Inhalte externer Links.<br \/>F\u00fcr den Inhalt der verlinkten Seiten sind ausschlie\u00dflich deren Betreiber verantwortlich.<\/p><p><strong><br \/>\u00d6ffnungszeiten<\/strong><br \/>Dienstag bis Donnerstag 17 &#8211; 22 Uhr (K\u00fcche ab 17 Uhr)<br \/>Freitag &amp; Samstag 17 &#8211; 23 Uhr (K\u00fcche ab 17 Uhr)<br \/>Sonntag 12 &#8211; 23 Uhr (K\u00fcche ab 12 Uhr)<br \/>Montags Ruhetag<\/p>\t\t\t\t\t\t<\/div>\n\t\t\t\t<\/div>\n\t\t\t\t\t<\/div>\n\t\t<\/div>\n\t\t\t\t\t\t\t<\/div>\n\t\t<\/section>\n\t\t\t\t\t\t<\/div>\n\t\t\t\t\t<\/div>\n\t\t","protected":false},"excerpt":{"rendered":"<p class=\"excerpt\">Impressum Haus SchauffBei MichaRestaurant &amp; CateringHauptstra\u00dfe 8950259 Pulheim KontaktdatenTelefon: 02238 &#8211; 478 24 13Mobil: 0152 285 100 10 e-Mail: info@hausschauff-beimicha.dehttps:\/\/www.hausschauff-beimicha.de Inhaltlich Verantwortliche(r):Michal BuryHauptstr. 8950259 Pulheim Rechtsform: EinzelunternehmenAufsichtsbeh\u00f6rde: Stadt Pulheim, Ordnungsabteilung Haftungshinweis:Trotz sorgf\u00e4ltiger inhaltlicher Kontrolle \u00fcbernehmen wir keine Haftung f\u00fcr die Inhalte externer Links.F\u00fcr den Inhalt der verlinkten Seiten sind ausschlie\u00dflich deren Betreiber verantwortlich. \u00d6ffnungszeitenDienstag bis [&hellip;]<\/p>\n","protected":false},"author":1,"featured_media":0,"parent":0,"menu_order":0,"comment_status":"closed","ping_status":"closed","template":"template-blank.php","meta":[],"_links":{"self":[{"href":"https:\/\/infaxserver.de\/hausschauff-beimicha\/wp-json\/wp\/v2\/pages\/10"}],"collection":[{"href":"https:\/\/infaxserver.de\/hausschauff-beimicha\/wp-json\/wp\/v2\/pages"}],"about":[{"href":"https:\/\/infaxserver.de\/hausschauff-beimicha\/wp-json\/wp\/v2\/types\/page"}],"author":[{"embeddable":true,"href":"https:\/\/infaxserver.de\/hausschauff-beimicha\/wp-json\/wp\/v2\/users\/1"}],"replies":[{"embeddable":true,"href":"https:\/\/infaxserver.de\/hausschauff-beimicha\/wp-json\/wp\/v2\/comments?post=10"}],"version-history":[{"count":25,"href":"https:\/\/infaxserver.de\/hausschauff-beimicha\/wp-json\/wp\/v2\/pages\/10\/revisions"}],"predecessor-version":[{"id":492,"href":"https:\/\/infaxserver.de\/hausschauff-beimicha\/wp-json\/wp\/v2\/pages\/10\/revisions\/492"}],"wp:attachment":[{"href":"https:\/\/infaxserver.de\/hausschauff-beimicha\/wp-json\/wp\/v2\/media?parent=10"}],"curies":[{"name":"wp","href":"https:\/\/api.w.org\/{rel}","templated":true}]}}