{"id":106,"date":"2022-07-08T10:10:48","date_gmt":"2022-07-08T08:10:48","guid":{"rendered":"https:\/\/infaxserver.de\/hauskellerpulheim\/?page_id=106"},"modified":"2022-07-14T15:38:48","modified_gmt":"2022-07-14T13:38:48","slug":"impressum","status":"publish","type":"page","link":"https:\/\/infaxserver.de\/hauskellerpulheim\/en\/impressum\/","title":{"rendered":"Imprint"},"content":{"rendered":"<div data-elementor-type=\"wp-page\" data-elementor-id=\"106\" class=\"elementor elementor-106\" data-elementor-settings=\"[]\">\n\t\t\t\t\t\t\t<div class=\"elementor-section-wrap\">\n\t\t\t\t\t\t\t<section class=\"elementor-section elementor-top-section elementor-element elementor-element-456fc177 elementor-section-boxed elementor-section-height-default elementor-section-height-default\" data-id=\"456fc177\" data-element_type=\"section\">\n\t\t\t\t\t\t<div class=\"elementor-container elementor-column-gap-default\">\n\t\t\t\t\t<div class=\"elementor-column elementor-col-100 elementor-top-column elementor-element elementor-element-7423c4c6\" data-id=\"7423c4c6\" data-element_type=\"column\">\n\t\t\t<div class=\"elementor-widget-wrap elementor-element-populated\">\n\t\t\t\t\t\t\t\t<div class=\"elementor-element elementor-element-2d0ad6bd elementor-widget elementor-widget-spacer\" data-id=\"2d0ad6bd\" data-element_type=\"widget\" data-widget_type=\"spacer.default\">\n\t\t\t\t<div class=\"elementor-widget-container\">\n\t\t\t\t\t<div class=\"elementor-spacer\">\n\t\t\t<div class=\"elementor-spacer-inner\"><\/div>\n\t\t<\/div>\n\t\t\t\t<\/div>\n\t\t\t\t<\/div>\n\t\t\t\t<div class=\"elementor-element elementor-element-658ea849 elementor-widget elementor-widget-text-editor\" data-id=\"658ea849\" data-element_type=\"widget\" data-widget_type=\"text-editor.default\">\n\t\t\t\t<div class=\"elementor-widget-container\">\n\t\t\t\t\t\t\t\t<h3><strong>HAUS KELLER<\/strong><\/h3><p>Hotel &#8211; Restaurant<br \/>Owner: Anto Lozic<br \/><br \/>Am Bahnhof 1<br \/>50259 Pulheim, Germany<br \/><br \/>Phone: (+49) 02238 \u2013 53311<br \/>E-Mail: info@hauskellerpulheim.de<br \/>Internet: www.hauskellerpulheim.de<br \/><br \/>Legal form: sole proprietorship<br \/><br \/>Supervisory authority: City of Pulheim, regulatory office<br \/><br \/><strong>Opening hours<\/strong><br \/>Thursday to Tuesday<br \/>11:00 a.m. \u2013 2:30 p.m<br \/>5:00 p.m. \u2013 11:00 p.m<br \/>Closed on Wednesdays<br \/><br \/><strong>Responsible for content:<\/strong><br \/>(address as above)<\/p><p><strong>Disclaimer:<\/strong><br \/>Despite careful content control, we assume no liability for the content of external links. The operators of the linked pages are solely responsible for their content.<\/p>\t\t\t\t\t\t<\/div>\n\t\t\t\t<\/div>\n\t\t\t\t\t<\/div>\n\t\t<\/div>\n\t\t\t\t\t\t\t<\/div>\n\t\t<\/section>\n\t\t\t\t\t\t<\/div>\n\t\t\t\t\t<\/div>","protected":false},"excerpt":{"rendered":"<p class=\"excerpt\">HAUS KELLER Hotel &#8211; RestaurantInh.: Anto Lozic Am Bahnhof 150259 Pulheim, Deutschland Telefon : (+49) 02238 &#8211; 53311E-Mail: info@hauskellerpulheim.deInternet: www.hauskellerpulheim.de Rechtsform: Einzelunternehmen Aufsichtsbeh\u00f6rde: Stadt Pulheim, Ordnungsamt \u00d6ffnungszeitenDonnerstag bis Dienstag11:00 &#8211; 14:30 Uhr17:00 &#8211; 23:00 UhrMittwoch Ruhetag Inhaltlich Verantwortliche(r):Anto Lozic (Anschrift wie oben) Haftungshinweis:Trotz sorgf\u00e4ltiger inhaltlicher Kontrolle \u00fcbernehmen wir keine Haftung f\u00fcr die Inhalte externer Links. [&hellip;]<\/p>","protected":false},"author":1,"featured_media":0,"parent":0,"menu_order":0,"comment_status":"closed","ping_status":"closed","template":"template-blank.php","meta":[],"_links":{"self":[{"href":"https:\/\/infaxserver.de\/hauskellerpulheim\/en\/wp-json\/wp\/v2\/pages\/106"}],"collection":[{"href":"https:\/\/infaxserver.de\/hauskellerpulheim\/en\/wp-json\/wp\/v2\/pages"}],"about":[{"href":"https:\/\/infaxserver.de\/hauskellerpulheim\/en\/wp-json\/wp\/v2\/types\/page"}],"author":[{"embeddable":true,"href":"https:\/\/infaxserver.de\/hauskellerpulheim\/en\/wp-json\/wp\/v2\/users\/1"}],"replies":[{"embeddable":true,"href":"https:\/\/infaxserver.de\/hauskellerpulheim\/en\/wp-json\/wp\/v2\/comments?post=106"}],"version-history":[{"count":23,"href":"https:\/\/infaxserver.de\/hauskellerpulheim\/en\/wp-json\/wp\/v2\/pages\/106\/revisions"}],"predecessor-version":[{"id":675,"href":"https:\/\/infaxserver.de\/hauskellerpulheim\/en\/wp-json\/wp\/v2\/pages\/106\/revisions\/675"}],"wp:attachment":[{"href":"https:\/\/infaxserver.de\/hauskellerpulheim\/en\/wp-json\/wp\/v2\/media?parent=106"}],"curies":[{"name":"wp","href":"https:\/\/api.w.org\/{rel}","templated":true}]}}