{"id":108,"date":"2023-02-14T16:33:19","date_gmt":"2023-02-14T15:33:19","guid":{"rendered":"https:\/\/infaxserver.de\/brauhausfischer\/?page_id=108"},"modified":"2023-03-02T18:58:49","modified_gmt":"2023-03-02T17:58:49","slug":"impressum","status":"publish","type":"page","link":"https:\/\/infaxserver.de\/brauhausfischer\/impressum\/","title":{"rendered":"Impressum"},"content":{"rendered":"\t\t<div data-elementor-type=\"wp-page\" data-elementor-id=\"108\" class=\"elementor elementor-108\" data-elementor-settings=\"[]\">\n\t\t\t\t\t\t\t<div class=\"elementor-section-wrap\">\n\t\t\t\t\t\t\t<section class=\"elementor-section elementor-top-section elementor-element elementor-element-145e6908 elementor-section-boxed elementor-section-height-default elementor-section-height-default\" data-id=\"145e6908\" data-element_type=\"section\">\n\t\t\t\t\t\t<div class=\"elementor-container elementor-column-gap-default\">\n\t\t\t\t\t<div class=\"elementor-column elementor-col-100 elementor-top-column elementor-element elementor-element-50d7af01\" data-id=\"50d7af01\" data-element_type=\"column\">\n\t\t\t<div class=\"elementor-widget-wrap elementor-element-populated\">\n\t\t\t\t\t\t\t\t<div class=\"elementor-element elementor-element-bf5236c elementor-widget elementor-widget-spacer\" data-id=\"bf5236c\" data-element_type=\"widget\" data-widget_type=\"spacer.default\">\n\t\t\t\t<div class=\"elementor-widget-container\">\n\t\t\t\t\t<div class=\"elementor-spacer\">\n\t\t\t<div class=\"elementor-spacer-inner\"><\/div>\n\t\t<\/div>\n\t\t\t\t<\/div>\n\t\t\t\t<\/div>\n\t\t\t\t<div class=\"elementor-element elementor-element-6109d09 elementor-widget elementor-widget-heading\" data-id=\"6109d09\" data-element_type=\"widget\" data-widget_type=\"heading.default\">\n\t\t\t\t<div class=\"elementor-widget-container\">\n\t\t\t<h2 class=\"elementor-heading-title elementor-size-default\">Impressum<\/h2>\t\t<\/div>\n\t\t\t\t<\/div>\n\t\t\t\t<div class=\"elementor-element elementor-element-4e2cc007 elementor-widget elementor-widget-text-editor\" data-id=\"4e2cc007\" data-element_type=\"widget\" data-widget_type=\"text-editor.default\">\n\t\t\t\t<div class=\"elementor-widget-container\">\n\t\t\t\t\t\t\t\t<h3><strong>Brauhaus Fischer<\/strong><\/h3><p>Inh.: Petar Damjanovic<br \/>B\u00e4uminghausstra\u00dfe 59<br \/>45326 Essen-Altenessen<\/p><p><strong><br \/>Kontaktdaten<\/strong><br \/>Telefon: 0201 \u2013 278 95 59<br \/>e-Mail: kontakt@brauhausfischer.de<br \/>http:\/\/www.brauhausfischer.de<\/p><p><strong><br \/>Inhaltlich Verantwortliche(r) gem\u00e4\u00df \u00a7 10 Absatz 3 MDStV:<\/strong><br \/>Damjanovic, Petar<br \/>B\u00e4uminghausstra\u00dfe 59<br \/>45326 Essen-Altenessen<\/p><p><strong><br \/>Rechtsform:<\/strong> Einzelunternehmen<br \/><strong><br \/>Aufsichtsbeh\u00f6rde:<\/strong> Stadt Essen, Ordnungsamt<\/p><p><strong><br \/>Haftungshinweis:<\/strong><br \/>Trotz sorgf\u00e4ltiger inhaltlicher Kontrolle \u00fcbernehmen wir keine Haftung f\u00fcr die Inhalte externer Links.<br \/>F\u00fcr den Inhalt der verlinkten Seiten sind ausschlie\u00dflich deren Betreiber verantwortlich.<\/p><p><strong><br \/>\u00d6ffnungszeiten<\/strong><br \/>Dienstag bis Samstag 16.00 \u2013 23.00 Uhr<br \/>Sonntag 11.30 \u2013 22.30 Uhr<br \/>Montag Ruhetag<\/p><p>\u00a0<\/p>\t\t\t\t\t\t<\/div>\n\t\t\t\t<\/div>\n\t\t\t\t\t<\/div>\n\t\t<\/div>\n\t\t\t\t\t\t\t<\/div>\n\t\t<\/section>\n\t\t\t\t\t\t<\/div>\n\t\t\t\t\t<\/div>\n\t\t","protected":false},"excerpt":{"rendered":"<p class=\"excerpt\">Impressum Brauhaus Fischer Inh.: Petar DamjanovicB\u00e4uminghausstra\u00dfe 5945326 Essen-Altenessen KontaktdatenTelefon: 0201 \u2013 278 95 59e-Mail: kontakt@brauhausfischer.dehttp:\/\/www.brauhausfischer.de Inhaltlich Verantwortliche(r) gem\u00e4\u00df \u00a7 10 Absatz 3 MDStV:Damjanovic, PetarB\u00e4uminghausstra\u00dfe 5945326 Essen-Altenessen Rechtsform: EinzelunternehmenAufsichtsbeh\u00f6rde: Stadt Essen, Ordnungsamt Haftungshinweis:Trotz sorgf\u00e4ltiger inhaltlicher Kontrolle \u00fcbernehmen wir keine Haftung f\u00fcr die Inhalte externer Links.F\u00fcr den Inhalt der verlinkten Seiten sind ausschlie\u00dflich deren Betreiber verantwortlich. \u00d6ffnungszeitenDienstag [&hellip;]<\/p>\n","protected":false},"author":1,"featured_media":0,"parent":0,"menu_order":0,"comment_status":"closed","ping_status":"closed","template":"template-blank.php","meta":[],"_links":{"self":[{"href":"https:\/\/infaxserver.de\/brauhausfischer\/wp-json\/wp\/v2\/pages\/108"}],"collection":[{"href":"https:\/\/infaxserver.de\/brauhausfischer\/wp-json\/wp\/v2\/pages"}],"about":[{"href":"https:\/\/infaxserver.de\/brauhausfischer\/wp-json\/wp\/v2\/types\/page"}],"author":[{"embeddable":true,"href":"https:\/\/infaxserver.de\/brauhausfischer\/wp-json\/wp\/v2\/users\/1"}],"replies":[{"embeddable":true,"href":"https:\/\/infaxserver.de\/brauhausfischer\/wp-json\/wp\/v2\/comments?post=108"}],"version-history":[{"count":16,"href":"https:\/\/infaxserver.de\/brauhausfischer\/wp-json\/wp\/v2\/pages\/108\/revisions"}],"predecessor-version":[{"id":441,"href":"https:\/\/infaxserver.de\/brauhausfischer\/wp-json\/wp\/v2\/pages\/108\/revisions\/441"}],"wp:attachment":[{"href":"https:\/\/infaxserver.de\/brauhausfischer\/wp-json\/wp\/v2\/media?parent=108"}],"curies":[{"name":"wp","href":"https:\/\/api.w.org\/{rel}","templated":true}]}}