{"id":66,"date":"2026-04-24T09:05:27","date_gmt":"2026-04-24T07:05:27","guid":{"rendered":"https:\/\/infaxserver.de\/brauhausendrpost\/?page_id=66"},"modified":"2026-05-06T18:42:24","modified_gmt":"2026-05-06T16:42:24","slug":"impressum","status":"publish","type":"page","link":"https:\/\/infaxserver.de\/brauhausendrpost\/impressum\/","title":{"rendered":"Impressum"},"content":{"rendered":"\t\t<div data-elementor-type=\"wp-page\" data-elementor-id=\"66\" class=\"elementor elementor-66\" data-elementor-settings=\"[]\">\n\t\t\t\t\t\t\t<div class=\"elementor-section-wrap\">\n\t\t\t\t\t\t\t<section class=\"elementor-section elementor-top-section elementor-element elementor-element-9acacf1 elementor-section-full_width elementor-section-height-default elementor-section-height-default\" data-id=\"9acacf1\" data-element_type=\"section\">\n\t\t\t\t\t\t\t<div class=\"elementor-background-overlay\"><\/div>\n\t\t\t\t\t\t\t<div class=\"elementor-container elementor-column-gap-no\">\n\t\t\t\t\t<div class=\"elementor-column elementor-col-100 elementor-top-column elementor-element elementor-element-3d26906\" data-id=\"3d26906\" data-element_type=\"column\">\n\t\t\t<div class=\"elementor-widget-wrap elementor-element-populated\">\n\t\t\t\t\t\t\t\t<div class=\"elementor-element elementor-element-539e4064 elementor--h-position-center elementor--v-position-middle elementor-arrows-position-inside elementor-pagination-position-inside elementor-widget elementor-widget-slides\" data-id=\"539e4064\" data-element_type=\"widget\" data-settings=\"{&quot;navigation&quot;:&quot;both&quot;,&quot;autoplay&quot;:&quot;yes&quot;,&quot;pause_on_hover&quot;:&quot;yes&quot;,&quot;pause_on_interaction&quot;:&quot;yes&quot;,&quot;autoplay_speed&quot;:5000,&quot;infinite&quot;:&quot;yes&quot;,&quot;transition&quot;:&quot;slide&quot;,&quot;transition_speed&quot;:500}\" data-widget_type=\"slides.default\">\n\t\t\t\t<div class=\"elementor-widget-container\">\n\t\t\t\t\t<div class=\"elementor-swiper\">\n\t\t\t<div class=\"elementor-slides-wrapper elementor-main-swiper swiper-container\" dir=\"ltr\" data-animation=\"fadeInUp\">\n\t\t\t\t<div class=\"swiper-wrapper elementor-slides\">\n\t\t\t\t\t<div class=\"elementor-repeater-item-6458978 swiper-slide\"><div class=\"swiper-slide-bg\"><\/div><div class=\"swiper-slide-inner\" ><div class=\"swiper-slide-contents\"><div class=\"elementor-slide-heading\">Rheinische Bierkultur<\/div><a href=\"tel:+4921814954075\" class=\"elementor-button elementor-slide-button elementor-size-md\">Jetzt anrufen<\/a><\/div><\/div><\/div>\t\t\t\t<\/div>\n\t\t\t\t\t\t\t<\/div>\n\t\t<\/div>\n\t\t\t\t<\/div>\n\t\t\t\t<\/div>\n\t\t\t\t\t<\/div>\n\t\t<\/div>\n\t\t\t\t\t\t\t<\/div>\n\t\t<\/section>\n\t\t\t\t<section class=\"elementor-section elementor-top-section elementor-element elementor-element-58117466 elementor-section-boxed elementor-section-height-default elementor-section-height-default\" data-id=\"58117466\" data-element_type=\"section\">\n\t\t\t\t\t\t<div class=\"elementor-container elementor-column-gap-default\">\n\t\t\t\t\t<div class=\"elementor-column elementor-col-100 elementor-top-column elementor-element elementor-element-3293ca73\" data-id=\"3293ca73\" data-element_type=\"column\">\n\t\t\t<div class=\"elementor-widget-wrap elementor-element-populated\">\n\t\t\t\t\t\t\t\t<div class=\"elementor-element elementor-element-661b8bcb elementor-widget elementor-widget-spacer\" data-id=\"661b8bcb\" data-element_type=\"widget\" data-widget_type=\"spacer.default\">\n\t\t\t\t<div class=\"elementor-widget-container\">\n\t\t\t\t\t<div class=\"elementor-spacer\">\n\t\t\t<div class=\"elementor-spacer-inner\"><\/div>\n\t\t<\/div>\n\t\t\t\t<\/div>\n\t\t\t\t<\/div>\n\t\t\t\t<div class=\"elementor-element elementor-element-3bd6df5a elementor-widget elementor-widget-heading\" data-id=\"3bd6df5a\" data-element_type=\"widget\" data-widget_type=\"heading.default\">\n\t\t\t\t<div class=\"elementor-widget-container\">\n\t\t\t<h2 class=\"elementor-heading-title elementor-size-default\">Impressum<\/h2>\t\t<\/div>\n\t\t\t\t<\/div>\n\t\t\t\t<div class=\"elementor-element elementor-element-29a086f0 elementor-widget elementor-widget-text-editor\" data-id=\"29a086f0\" data-element_type=\"widget\" data-widget_type=\"text-editor.default\">\n\t\t\t\t<div class=\"elementor-widget-container\">\n\t\t\t\t\t\t\t\t<p><strong>BRAUHAUS EN D\u00b4R POST<\/strong><br \/>Inh.: Nadine Greger<br \/>Friedensstr. 13<br \/>41517 Grevenbroich, Deutschland<\/p><p>\u00a0<\/p><p><strong>Kontakt:<\/strong><\/p><p>Telefon : 02181 \u2013 495 40 75<br \/>E-Mail: mail@brauhausendrpost.de<br \/>Internet: www.brauhausendrpost.de<\/p><p>\u00a0<\/p><p><strong>Rechtliches<\/strong><br \/>Inhaltlich Verantwortliche(r): Nadine Greger (Anschrift wie oben)<br \/>Rechtsform: Einzelunternehmen<br \/>Kammer: IHK Mittlerer Niederrhein<br \/>Aufsichtsbeh\u00f6rde: Ordnungsamt Grevenbroich \/ Rhein-Kreis Neuss<\/p><p><strong>\u00a0<\/strong><\/p><p><strong>Urheberrecht<\/strong><br \/>Die durch die Seitenbetreiber erstellten Inhalte und Werke auf diesen Seiten unterliegen dem deutschen Urheberrecht. Die Vervielf\u00e4ltigung, Bearbeitung, Verbreitung und jede Art der Verwertung au\u00dferhalb der Grenzen des Urheberrechtes bed\u00fcrfen der schriftlichen Zustimmung des jeweiligen Autors bzw. Erstellers. Downloads und Kopien dieser Seite sind nur f\u00fcr den privaten, nicht kommerziellen Gebrauch gestattet.<\/p><p>\u00a0<\/p><p>Soweit die Inhalte auf dieser Seite nicht vom Betreiber erstellt wurden, werden die Urheberrechte Dritter beachtet. Insbesondere werden Inhalte Dritter als solche gekennzeichnet.<\/p><p>\u00a0<\/p><p>Sollten Sie trotzdem auf eine Urheberrechtsverletzung aufmerksam werden, bitten wir um einen entsprechenden Hinweis. Bei Bekanntwerden von Rechtsverletzungen werden wir derartige Inhalte umgehend entfernen.<\/p>\t\t\t\t\t\t<\/div>\n\t\t\t\t<\/div>\n\t\t\t\t\t<\/div>\n\t\t<\/div>\n\t\t\t\t\t\t\t<\/div>\n\t\t<\/section>\n\t\t\t\t\t\t<\/div>\n\t\t\t\t\t<\/div>\n\t\t","protected":false},"excerpt":{"rendered":"<p class=\"excerpt\">Rheinische BierkulturJetzt anrufen Impressum BRAUHAUS EN D\u00b4R POSTInh.: Nadine GregerFriedensstr. 1341517 Grevenbroich, Deutschland \u00a0 Kontakt: Telefon : 02181 \u2013 495 40 75E-Mail: mail@brauhausendrpost.deInternet: www.brauhausendrpost.de \u00a0 RechtlichesInhaltlich Verantwortliche(r): Nadine Greger (Anschrift wie oben)Rechtsform: EinzelunternehmenKammer: IHK Mittlerer NiederrheinAufsichtsbeh\u00f6rde: Ordnungsamt Grevenbroich \/ Rhein-Kreis Neuss \u00a0 UrheberrechtDie durch die Seitenbetreiber erstellten Inhalte und Werke auf diesen Seiten unterliegen dem [&hellip;]<\/p>\n","protected":false},"author":1,"featured_media":0,"parent":0,"menu_order":0,"comment_status":"closed","ping_status":"closed","template":"template-blank.php","meta":[],"_links":{"self":[{"href":"https:\/\/infaxserver.de\/brauhausendrpost\/wp-json\/wp\/v2\/pages\/66"}],"collection":[{"href":"https:\/\/infaxserver.de\/brauhausendrpost\/wp-json\/wp\/v2\/pages"}],"about":[{"href":"https:\/\/infaxserver.de\/brauhausendrpost\/wp-json\/wp\/v2\/types\/page"}],"author":[{"embeddable":true,"href":"https:\/\/infaxserver.de\/brauhausendrpost\/wp-json\/wp\/v2\/users\/1"}],"replies":[{"embeddable":true,"href":"https:\/\/infaxserver.de\/brauhausendrpost\/wp-json\/wp\/v2\/comments?post=66"}],"version-history":[{"count":13,"href":"https:\/\/infaxserver.de\/brauhausendrpost\/wp-json\/wp\/v2\/pages\/66\/revisions"}],"predecessor-version":[{"id":363,"href":"https:\/\/infaxserver.de\/brauhausendrpost\/wp-json\/wp\/v2\/pages\/66\/revisions\/363"}],"wp:attachment":[{"href":"https:\/\/infaxserver.de\/brauhausendrpost\/wp-json\/wp\/v2\/media?parent=66"}],"curies":[{"name":"wp","href":"https:\/\/api.w.org\/{rel}","templated":true}]}}