{"id":12,"date":"2025-02-19T13:32:38","date_gmt":"2025-02-19T12:32:38","guid":{"rendered":"https:\/\/infaxserver.de\/alcapriccio\/?page_id=12"},"modified":"2025-03-05T14:24:38","modified_gmt":"2025-03-05T13:24:38","slug":"impressum","status":"publish","type":"page","link":"https:\/\/infaxserver.de\/alcapriccio\/impressum\/","title":{"rendered":"Impressum"},"content":{"rendered":"\t\t<div data-elementor-type=\"wp-page\" data-elementor-id=\"12\" class=\"elementor elementor-12\" data-elementor-settings=\"[]\">\n\t\t\t\t\t\t\t<div class=\"elementor-section-wrap\">\n\t\t\t\t\t\t\t<section class=\"elementor-section elementor-top-section elementor-element elementor-element-1351401 elementor-section-full_width elementor-section-height-default elementor-section-height-default\" data-id=\"1351401\" data-element_type=\"section\">\n\t\t\t\t\t\t\t<div class=\"elementor-background-overlay\"><\/div>\n\t\t\t\t\t\t\t<div class=\"elementor-container elementor-column-gap-no\">\n\t\t\t\t\t<div class=\"elementor-column elementor-col-100 elementor-top-column elementor-element elementor-element-2ae312b\" data-id=\"2ae312b\" data-element_type=\"column\">\n\t\t\t<div class=\"elementor-widget-wrap elementor-element-populated\">\n\t\t\t\t\t\t\t\t<div class=\"elementor-element elementor-element-ccd4d3e elementor--h-position-center elementor--v-position-middle elementor-arrows-position-inside elementor-pagination-position-inside elementor-widget elementor-widget-slides\" data-id=\"ccd4d3e\" data-element_type=\"widget\" data-settings=\"{&quot;navigation&quot;:&quot;both&quot;,&quot;autoplay&quot;:&quot;yes&quot;,&quot;pause_on_hover&quot;:&quot;yes&quot;,&quot;pause_on_interaction&quot;:&quot;yes&quot;,&quot;autoplay_speed&quot;:5000,&quot;infinite&quot;:&quot;yes&quot;,&quot;transition&quot;:&quot;slide&quot;,&quot;transition_speed&quot;:500}\" data-widget_type=\"slides.default\">\n\t\t\t\t<div class=\"elementor-widget-container\">\n\t\t\t\t\t<div class=\"elementor-swiper\">\n\t\t\t<div class=\"elementor-slides-wrapper elementor-main-swiper swiper-container\" dir=\"ltr\" data-animation=\"fadeInUp\">\n\t\t\t\t<div class=\"swiper-wrapper elementor-slides\">\n\t\t\t\t\t<div class=\"elementor-repeater-item-6458978 swiper-slide\"><div class=\"swiper-slide-bg\"><\/div><div class=\"swiper-slide-inner\" ><div class=\"swiper-slide-contents\"><div class=\"elementor-slide-heading\">Italienische Kochkunst<\/div><div class=\"elementor-slide-description\">zum Verlieben...<\/div><a href=\"tel:+49221681071\" class=\"elementor-button elementor-slide-button elementor-size-md\">Jetzt anrufen<\/a><\/div><\/div><\/div><div class=\"elementor-repeater-item-223871b swiper-slide\"><div class=\"swiper-slide-bg\"><\/div><div class=\"swiper-slide-inner\" ><div class=\"swiper-slide-contents\"><div class=\"elementor-slide-heading\">Wohlf\u00fchlambiente<\/div><div class=\"elementor-slide-description\">Genie\u00dfen & Entspannen<\/div><a href=\"tel:+49221681071\" class=\"elementor-button elementor-slide-button elementor-size-md\">Hier reservieren<\/a><\/div><\/div><\/div>\t\t\t\t<\/div>\n\t\t\t\t\t\t\t\t\t\t\t\t\t\t\t<div class=\"swiper-pagination\"><\/div>\n\t\t\t\t\t\t\t\t\t\t\t\t\t\t\t\t<div class=\"elementor-swiper-button elementor-swiper-button-prev\">\n\t\t\t\t\t\t\t<i class=\"eicon-chevron-left\" aria-hidden=\"true\"><\/i>\n\t\t\t\t\t\t\t<span class=\"elementor-screen-only\">Voriger<\/span>\n\t\t\t\t\t\t<\/div>\n\t\t\t\t\t\t<div class=\"elementor-swiper-button elementor-swiper-button-next\">\n\t\t\t\t\t\t\t<i class=\"eicon-chevron-right\" aria-hidden=\"true\"><\/i>\n\t\t\t\t\t\t\t<span class=\"elementor-screen-only\">N\u00e4chster<\/span>\n\t\t\t\t\t\t<\/div>\n\t\t\t\t\t\t\t\t\t\t\t\t<\/div>\n\t\t<\/div>\n\t\t\t\t<\/div>\n\t\t\t\t<\/div>\n\t\t\t\t\t<\/div>\n\t\t<\/div>\n\t\t\t\t\t\t\t<\/div>\n\t\t<\/section>\n\t\t\t\t<section class=\"elementor-section elementor-top-section elementor-element elementor-element-2578282c elementor-section-boxed elementor-section-height-default elementor-section-height-default\" data-id=\"2578282c\" data-element_type=\"section\">\n\t\t\t\t\t\t<div class=\"elementor-container elementor-column-gap-default\">\n\t\t\t\t\t<div class=\"elementor-column elementor-col-100 elementor-top-column elementor-element elementor-element-6526bba4\" data-id=\"6526bba4\" data-element_type=\"column\">\n\t\t\t<div class=\"elementor-widget-wrap elementor-element-populated\">\n\t\t\t\t\t\t\t\t<div class=\"elementor-element elementor-element-2f0b1f2a elementor-widget elementor-widget-spacer\" data-id=\"2f0b1f2a\" data-element_type=\"widget\" data-widget_type=\"spacer.default\">\n\t\t\t\t<div class=\"elementor-widget-container\">\n\t\t\t\t\t<div class=\"elementor-spacer\">\n\t\t\t<div class=\"elementor-spacer-inner\"><\/div>\n\t\t<\/div>\n\t\t\t\t<\/div>\n\t\t\t\t<\/div>\n\t\t\t\t<div class=\"elementor-element elementor-element-166931b0 elementor-widget elementor-widget-heading\" data-id=\"166931b0\" data-element_type=\"widget\" data-widget_type=\"heading.default\">\n\t\t\t\t<div class=\"elementor-widget-container\">\n\t\t\t<h2 class=\"elementor-heading-title elementor-size-default\">Impressum<\/h2>\t\t<\/div>\n\t\t\t\t<\/div>\n\t\t\t\t<div class=\"elementor-element elementor-element-16e67329 elementor-widget elementor-widget-text-editor\" data-id=\"16e67329\" data-element_type=\"widget\" data-widget_type=\"text-editor.default\">\n\t\t\t\t<div class=\"elementor-widget-container\">\n\t\t\t\t\t\t\t\t<p><strong>Ristorante Al Capriccio<\/strong><br \/>Dellbr\u00fccker Hauptstr. 62<br \/>51069 K\u00f6ln<br \/><br \/><\/p><p><strong>Inhaber:<\/strong><br \/>Slabu, Mirela<br \/><br \/><\/p><p><strong>Kontakt:<\/strong><br \/>Telefon 0221 &#8211; 681071<br \/>Fax \u00a0\u00a0\u00a0\u00a0\u00a0\u00a00221 &#8211; 92232673<br \/>E-Mail: info@alcapriccio.de<\/p><p>\u00a0<\/p><p><strong>Inhaltlich Verantwortlich:<\/strong> Slabu, Mirela (Anschrift wie oben)<\/p><p><strong>Rechtsform:<\/strong> Einzelunternehmen<\/p><p><strong>Aufsichtsbeh\u00f6rde:<\/strong> Stadt K\u00f6ln, Ordnungsamt<\/p><p>\u00a0<\/p><p>\u00a0<\/p><p><strong>Urheberrecht<\/strong><br \/>Die durch die Seitenbetreiber erstellten Inhalte und Werke auf diesen Seiten unterliegen dem deutschen Urheberrecht. Die Vervielf\u00e4ltigung, Bearbeitung, Verbreitung und jede Art der Verwertung au\u00dferhalb der Grenzen des Urheberrechtes bed\u00fcrfen der schriftlichen Zustimmung des jeweiligen Autors bzw. Erstellers. Downloads und Kopien dieser Seite sind nur f\u00fcr den privaten, nicht kommerziellen Gebrauch gestattet.<\/p><p>\u00a0<\/p><p>Soweit die Inhalte auf dieser Seite nicht vom Betreiber erstellt wurden, werden die Urheberrechte Dritter beachtet. Insbesondere werden Inhalte Dritter als solche gekennzeichnet.<\/p><p>\u00a0<\/p><p>Sollten Sie trotzdem auf eine Urheberrechtsverletzung aufmerksam werden, bitten wir um einen entsprechenden Hinweis. Bei Bekanntwerden von Rechtsverletzungen werden wir derartige Inhalte umgehend entfernen.<\/p>\t\t\t\t\t\t<\/div>\n\t\t\t\t<\/div>\n\t\t\t\t\t<\/div>\n\t\t<\/div>\n\t\t\t\t\t\t\t<\/div>\n\t\t<\/section>\n\t\t\t\t\t\t<\/div>\n\t\t\t\t\t<\/div>\n\t\t","protected":false},"excerpt":{"rendered":"<p class=\"excerpt\">Italienische Kochkunstzum Verlieben&#8230;Jetzt anrufenWohlf\u00fchlambienteGenie\u00dfen &#038; EntspannenHier reservieren Voriger N\u00e4chster Impressum Ristorante Al CapriccioDellbr\u00fccker Hauptstr. 6251069 K\u00f6ln Inhaber:Slabu, Mirela Kontakt:Telefon 0221 &#8211; 681071Fax \u00a0\u00a0\u00a0\u00a0\u00a0\u00a00221 &#8211; 92232673E-Mail: info@alcapriccio.de \u00a0 Inhaltlich Verantwortlich: Slabu, Mirela (Anschrift wie oben) Rechtsform: Einzelunternehmen Aufsichtsbeh\u00f6rde: Stadt K\u00f6ln, Ordnungsamt \u00a0 \u00a0 UrheberrechtDie durch die Seitenbetreiber erstellten Inhalte und Werke auf diesen Seiten unterliegen dem [&hellip;]<\/p>\n","protected":false},"author":1,"featured_media":0,"parent":0,"menu_order":0,"comment_status":"closed","ping_status":"closed","template":"template-blank.php","meta":[],"_links":{"self":[{"href":"https:\/\/infaxserver.de\/alcapriccio\/wp-json\/wp\/v2\/pages\/12"}],"collection":[{"href":"https:\/\/infaxserver.de\/alcapriccio\/wp-json\/wp\/v2\/pages"}],"about":[{"href":"https:\/\/infaxserver.de\/alcapriccio\/wp-json\/wp\/v2\/types\/page"}],"author":[{"embeddable":true,"href":"https:\/\/infaxserver.de\/alcapriccio\/wp-json\/wp\/v2\/users\/1"}],"replies":[{"embeddable":true,"href":"https:\/\/infaxserver.de\/alcapriccio\/wp-json\/wp\/v2\/comments?post=12"}],"version-history":[{"count":7,"href":"https:\/\/infaxserver.de\/alcapriccio\/wp-json\/wp\/v2\/pages\/12\/revisions"}],"predecessor-version":[{"id":380,"href":"https:\/\/infaxserver.de\/alcapriccio\/wp-json\/wp\/v2\/pages\/12\/revisions\/380"}],"wp:attachment":[{"href":"https:\/\/infaxserver.de\/alcapriccio\/wp-json\/wp\/v2\/media?parent=12"}],"curies":[{"name":"wp","href":"https:\/\/api.w.org\/{rel}","templated":true}]}}